{"id":836,"date":"2021-12-15T13:55:59","date_gmt":"2021-12-15T11:55:59","guid":{"rendered":"http:\/\/www.archiv.org.lv\/lva60\/?page_id=836"},"modified":"2021-12-15T15:56:56","modified_gmt":"2021-12-15T13:56:56","slug":"komentari","status":"publish","type":"page","link":"https:\/\/www.archiv.org.lv\/lva60\/index.php\/komentari\/","title":{"rendered":"Koment\u0101ri"},"content":{"rendered":"\n<p class=\"has-text-align-center\"><strong>Biju\u0161ie un eso\u0161ie arh\u012bva darbinieki, las\u012btavu apmekl\u0113t\u0101ji, atbalst\u012bt\u0101ji un draugi laipni aicin\u0101ti dal\u012bties koment\u0101ros, v\u0113l\u0113jumos, atmi\u0146u st\u0101stos, ko v\u0113l\u0113tos atst\u0101t arh\u012bva v\u0113stures ann\u0101l\u0113m ar\u012b turpm\u0101k.<\/strong><\/p>\n","protected":false},"excerpt":{"rendered":"<p>Biju\u0161ie un eso\u0161ie arh\u012bva darbinieki, las\u012btavu apmekl\u0113t\u0101ji, atbalst\u012bt\u0101ji un draugi laipni aicin\u0101ti dal\u012bties koment\u0101ros, v\u0113l\u0113jumos, atmi\u0146u st\u0101stos, ko v\u0113l\u0113tos atst\u0101t arh\u012bva v\u0113stures ann\u0101l\u0113m ar\u012b turpm\u0101k.<\/p>\n","protected":false},"author":1,"featured_media":0,"parent":0,"menu_order":0,"comment_status":"open","ping_status":"closed","template":"","meta":{"footnotes":""},"class_list":["post-836","page","type-page","status-publish","hentry"],"_links":{"self":[{"href":"https:\/\/www.archiv.org.lv\/lva60\/index.php\/wp-json\/wp\/v2\/pages\/836","targetHints":{"allow":["GET"]}}],"collection":[{"href":"https:\/\/www.archiv.org.lv\/lva60\/index.php\/wp-json\/wp\/v2\/pages"}],"about":[{"href":"https:\/\/www.archiv.org.lv\/lva60\/index.php\/wp-json\/wp\/v2\/types\/page"}],"author":[{"embeddable":true,"href":"https:\/\/www.archiv.org.lv\/lva60\/index.php\/wp-json\/wp\/v2\/users\/1"}],"replies":[{"embeddable":true,"href":"https:\/\/www.archiv.org.lv\/lva60\/index.php\/wp-json\/wp\/v2\/comments?post=836"}],"version-history":[{"count":4,"href":"https:\/\/www.archiv.org.lv\/lva60\/index.php\/wp-json\/wp\/v2\/pages\/836\/revisions"}],"predecessor-version":[{"id":849,"href":"https:\/\/www.archiv.org.lv\/lva60\/index.php\/wp-json\/wp\/v2\/pages\/836\/revisions\/849"}],"wp:attachment":[{"href":"https:\/\/www.archiv.org.lv\/lva60\/index.php\/wp-json\/wp\/v2\/media?parent=836"}],"curies":[{"name":"wp","href":"https:\/\/api.w.org\/{rel}","templated":true}]}}