{"id":1318,"date":"2021-11-21T15:12:46","date_gmt":"2021-11-21T15:12:46","guid":{"rendered":"http:\/\/www.archiv.org.lv\/rigaspilsetasarhivs\/index.php\/home\/"},"modified":"2022-11-16T14:22:53","modified_gmt":"2022-11-16T12:22:53","slug":"home","status":"publish","type":"page","link":"https:\/\/www.archiv.org.lv\/rigaspilsetasarhivs\/","title":{"rendered":"S\u0101kumlapa"},"content":{"rendered":"\t\t<div data-elementor-type=\"wp-page\" data-elementor-id=\"1318\" class=\"elementor elementor-1318\">\n\t\t\t\t\t\t<section class=\"elementor-section elementor-top-section elementor-element elementor-element-ca7541c elementor-section-height-min-height elementor-section-boxed elementor-section-height-default elementor-section-items-middle\" data-id=\"ca7541c\" data-element_type=\"section\" data-e-type=\"section\" data-settings=\"{&quot;background_background&quot;:&quot;slideshow&quot;,&quot;background_slideshow_gallery&quot;:[{&quot;id&quot;:1363,&quot;url&quot;:&quot;https:\\\/\\\/www.archiv.org.lv\\\/rigaspilsetasarhivs\\\/wp-content\\\/uploads\\\/2022\\\/10\\\/Palasta-4-LVVA-2761-f-3-apr-785-l-7-lp-scaled.jpg&quot;},{&quot;id&quot;:1364,&quot;url&quot;:&quot;https:\\\/\\\/www.archiv.org.lv\\\/rigaspilsetasarhivs\\\/wp-content\\\/uploads\\\/2022\\\/10\\\/S_-11-scaled.jpg&quot;},{&quot;id&quot;:1365,&quot;url&quot;:&quot;https:\\\/\\\/www.archiv.org.lv\\\/rigaspilsetasarhivs\\\/wp-content\\\/uploads\\\/2022\\\/10\\\/S_-8-scaled.jpg&quot;},{&quot;id&quot;:1361,&quot;url&quot;:&quot;https:\\\/\\\/www.archiv.org.lv\\\/rigaspilsetasarhivs\\\/wp-content\\\/uploads\\\/2022\\\/10\\\/PA-010.jpg&quot;}],&quot;background_slideshow_transition_duration&quot;:900,&quot;background_slideshow_ken_burns&quot;:&quot;yes&quot;,&quot;background_slideshow_loop&quot;:&quot;yes&quot;,&quot;background_slideshow_slide_duration&quot;:5000,&quot;background_slideshow_slide_transition&quot;:&quot;fade&quot;,&quot;background_slideshow_ken_burns_zoom_direction&quot;:&quot;in&quot;}\">\n\t\t\t\t\t\t\t<div class=\"elementor-background-overlay\"><\/div>\n\t\t\t\t\t\t\t<div class=\"elementor-container elementor-column-gap-default\">\n\t\t\t\t\t<div class=\"elementor-column elementor-col-100 elementor-top-column elementor-element elementor-element-be10890\" data-id=\"be10890\" data-element_type=\"column\" data-e-type=\"column\">\n\t\t\t<div class=\"elementor-widget-wrap elementor-element-populated\">\n\t\t\t\t\t\t<div class=\"elementor-element elementor-element-0708f7f elementor-widget elementor-widget-heading\" data-id=\"0708f7f\" data-element_type=\"widget\" data-e-type=\"widget\" data-widget_type=\"heading.default\">\n\t\t\t\t<div class=\"elementor-widget-container\">\n\t\t\t\t\t<h1 class=\"elementor-heading-title elementor-size-default\">R\u012bgas pils\u0113tas arh\u012bvs<\/h1>\t\t\t\t<\/div>\n\t\t\t\t<\/div>\n\t\t\t\t<div class=\"elementor-element elementor-element-33d04ec elementor-widget-divider--view-line elementor-widget elementor-widget-divider\" data-id=\"33d04ec\" data-element_type=\"widget\" data-e-type=\"widget\" data-widget_type=\"divider.default\">\n\t\t\t\t<div class=\"elementor-widget-container\">\n\t\t\t\t\t\t\t<div class=\"elementor-divider\">\n\t\t\t<span class=\"elementor-divider-separator\">\n\t\t\t\t\t\t<\/span>\n\t\t<\/div>\n\t\t\t\t\t\t<\/div>\n\t\t\t\t<\/div>\n\t\t\t\t<div class=\"elementor-element elementor-element-9bddadd elementor-widget elementor-widget-heading\" data-id=\"9bddadd\" data-element_type=\"widget\" data-e-type=\"widget\" data-widget_type=\"heading.default\">\n\t\t\t\t<div class=\"elementor-widget-container\">\n\t\t\t\t\t<h1 class=\"elementor-heading-title elementor-size-default\">Virtu\u0101l\u0101 izst\u0101de<\/h1>\t\t\t\t<\/div>\n\t\t\t\t<\/div>\n\t\t\t\t\t<\/div>\n\t\t<\/div>\n\t\t\t\t\t<\/div>\n\t\t<\/section>\n\t\t\t\t<section class=\"elementor-section elementor-top-section elementor-element elementor-element-7701125 elementor-section-boxed elementor-section-height-default elementor-section-height-default\" data-id=\"7701125\" data-element_type=\"section\" data-e-type=\"section\">\n\t\t\t\t\t\t<div class=\"elementor-container elementor-column-gap-default\">\n\t\t\t\t\t<div class=\"elementor-column elementor-col-100 elementor-top-column elementor-element elementor-element-9ad04ba\" data-id=\"9ad04ba\" data-element_type=\"column\" data-e-type=\"column\">\n\t\t\t<div class=\"elementor-widget-wrap elementor-element-populated\">\n\t\t\t\t\t\t<div class=\"elementor-element elementor-element-8dc6130 elementor-widget-divider--view-line elementor-widget elementor-widget-divider\" data-id=\"8dc6130\" data-element_type=\"widget\" data-e-type=\"widget\" data-widget_type=\"divider.default\">\n\t\t\t\t<div class=\"elementor-widget-container\">\n\t\t\t\t\t\t\t<div class=\"elementor-divider\">\n\t\t\t<span class=\"elementor-divider-separator\">\n\t\t\t\t\t\t<\/span>\n\t\t<\/div>\n\t\t\t\t\t\t<\/div>\n\t\t\t\t<\/div>\n\t\t\t\t<section class=\"elementor-section elementor-inner-section elementor-element elementor-element-ef970f2 elementor-section-full_width elementor-section-height-default elementor-section-height-default\" data-id=\"ef970f2\" data-element_type=\"section\" data-e-type=\"section\">\n\t\t\t\t\t\t<div class=\"elementor-container elementor-column-gap-default\">\n\t\t\t\t\t<div class=\"elementor-column elementor-col-100 elementor-inner-column elementor-element elementor-element-fd27b31\" data-id=\"fd27b31\" data-element_type=\"column\" data-e-type=\"column\">\n\t\t\t<div class=\"elementor-widget-wrap elementor-element-populated\">\n\t\t\t\t\t\t<div class=\"elementor-element elementor-element-f51e5dc elementor-widget__width-initial elementor-widget elementor-widget-text-editor\" data-id=\"f51e5dc\" data-element_type=\"widget\" data-e-type=\"widget\" data-widget_type=\"text-editor.default\">\n\t\t\t\t<div class=\"elementor-widget-container\">\n\t\t\t\t\t\t\t\t\t<p>R\u012bgas pils\u0113tas arh\u012bvs pieder pie sen\u0101kajiem arh\u012bviem Baltij\u0101 un vec\u0101kaj\u0101m R\u012bgas pils\u0113tas kult\u016bras instit\u016bcij\u0101m. Pils\u0113tas arh\u012bva v\u0113sture aizs\u0101k\u0101s 13. gs. un laika gait\u0101 tas izauga no r\u0101tes kancelejas dokumentu glab\u0101tavas l\u012bdz neatkar\u012bgai instit\u016bcijai ar pla\u0161u uzdevumu kl\u0101stu.<\/p><p>R\u012bgas pils\u0113tas arh\u012bvs ir piedz\u012bvojis unik\u0101lu likteni Latvijas arh\u012bvu v\u0113stures kontekst\u0101. T\u0101 dokumentu komplekss veido sen\u0101ko un v\u0113rt\u012bg\u0101ko Latvijas dokument\u0101r\u0101 mantojuma da\u013cu, sniedzot bag\u0101t\u012bgu inform\u0101ciju par R\u012bgas pils\u0113tas, Latvijas un Baltijas re\u0123iona v\u0113sturi.<\/p><p>\u00a0<\/p><p>Virtu\u0101l\u0101 izst\u0101de iepaz\u012bstina ar pils\u0113tas arh\u012bva priek\u0161v\u0113sturi no 13. gs. s\u0101kuma l\u012bdz 19. gs. otrajai pusei, atspogu\u013co arh\u012bva darb\u012bbu no t\u0101 izveides 1882. gad\u0101 l\u012bdz\u00a0 sl\u0113g\u0161anai 1964. gad\u0101. Izst\u0101de sniedz ieskatu arh\u012bv\u0101 savulaik uzkr\u0101t\u0101 dokumentu kompleksa daudzveid\u012bb\u0101. Izst\u0101des virtu\u0101l\u0101 t\u016bre \u013cauj izstaig\u0101t R\u012bgas pils\u0113tas arh\u012bva v\u0113sturisk\u0101s telpas R\u012bg\u0101, Palasta iel\u0101 4, un \u013cauj uzzin\u0101t vair\u0101k par taj\u0101s glab\u0101tajiem dokumentiem.<\/p>\t\t\t\t\t\t\t\t<\/div>\n\t\t\t\t<\/div>\n\t\t\t\t\t<\/div>\n\t\t<\/div>\n\t\t\t\t\t<\/div>\n\t\t<\/section>\n\t\t\t\t\t<\/div>\n\t\t<\/div>\n\t\t\t\t\t<\/div>\n\t\t<\/section>\n\t\t\t\t<section class=\"elementor-section elementor-top-section elementor-element elementor-element-2d8ba58 elementor-section-boxed elementor-section-height-default elementor-section-height-default\" data-id=\"2d8ba58\" data-element_type=\"section\" data-e-type=\"section\" data-settings=\"{&quot;background_background&quot;:&quot;classic&quot;}\">\n\t\t\t\t\t\t<div class=\"elementor-container elementor-column-gap-default\">\n\t\t\t\t\t<div class=\"elementor-column elementor-col-100 elementor-top-column elementor-element elementor-element-ba33ca0\" data-id=\"ba33ca0\" data-element_type=\"column\" data-e-type=\"column\">\n\t\t\t<div class=\"elementor-widget-wrap elementor-element-populated\">\n\t\t\t\t\t\t<div class=\"elementor-element elementor-element-f914229 elementor-widget elementor-widget-image\" data-id=\"f914229\" data-element_type=\"widget\" data-e-type=\"widget\" data-widget_type=\"image.default\">\n\t\t\t\t<div class=\"elementor-widget-container\">\n\t\t\t\t\t\t\t\t\t\t\t\t\t\t\t<img decoding=\"async\" src=\"https:\/\/www.archiv.org.lv\/rigaspilsetasarhivs\/wp-content\/uploads\/2021\/11\/quotes.svg\" class=\"attachment-full size-full wp-image-117\" alt=\"\" \/>\t\t\t\t\t\t\t\t\t\t\t\t\t\t\t<\/div>\n\t\t\t\t<\/div>\n\t\t\t\t<div class=\"elementor-element elementor-element-d278a40 elementor-widget elementor-widget-heading\" data-id=\"d278a40\" data-element_type=\"widget\" data-e-type=\"widget\" data-widget_type=\"heading.default\">\n\t\t\t\t<div class=\"elementor-widget-container\">\n\t\t\t\t\t<h4 class=\"elementor-heading-title elementor-size-default\">\u201cM\u016bsu laiks lepojas ar sen pag\u0101ju\u0161o laikmetu izpratni un mums, m\u016bsu \u012bpatn\u0113jos apst\u0101k\u013cos, j\u0101b\u016bt skaidr\u012bb\u0101 par to, ka tikai pier\u0101d\u012bjumi iz pag\u0101tnes sp\u0113j atbalst\u012bt tagadni. Tikai tad, kad zin\u0101m k\u0101 esam tapu\u0161i, zin\u0101m kas esam. Te sl\u0113pjas m\u016bsu ar\u0137\u012bvu noz\u012bme: uzsl\u0113gdami pag\u0101tni, nodro\u0161in\u0101m n\u0101kotni. Ja k\u0101dam pieder ar\u0137\u012bvs, lai lepojas ar to, jo kam pieder ar\u0137\u012bvs, tam ir ar\u012b sava v\u0113sture.\u201d\n<\/h4>\t\t\t\t<\/div>\n\t\t\t\t<\/div>\n\t\t\t\t<div class=\"elementor-element elementor-element-c80bddd elementor-widget elementor-widget-text-editor\" data-id=\"c80bddd\" data-element_type=\"widget\" data-e-type=\"widget\" data-widget_type=\"text-editor.default\">\n\t\t\t\t<div class=\"elementor-widget-container\">\n\t\t\t\t\t\t\t\t\t<p>Rihards Hausmanis<\/p>\t\t\t\t\t\t\t\t<\/div>\n\t\t\t\t<\/div>\n\t\t\t\t\t<\/div>\n\t\t<\/div>\n\t\t\t\t\t<\/div>\n\t\t<\/section>\n\t\t\t\t<section class=\"elementor-section elementor-top-section elementor-element elementor-element-87ccf31 elementor-section-boxed elementor-section-height-default elementor-section-height-default\" data-id=\"87ccf31\" data-element_type=\"section\" data-e-type=\"section\">\n\t\t\t\t\t\t<div class=\"elementor-container elementor-column-gap-default\">\n\t\t\t\t\t<div class=\"elementor-column elementor-col-100 elementor-top-column elementor-element elementor-element-7500744\" data-id=\"7500744\" data-element_type=\"column\" data-e-type=\"column\">\n\t\t\t<div class=\"elementor-widget-wrap elementor-element-populated\">\n\t\t\t\t\t\t<div class=\"elementor-element elementor-element-935857b elementor-widget elementor-widget-text-editor\" data-id=\"935857b\" data-element_type=\"widget\" data-e-type=\"widget\" data-widget_type=\"text-editor.default\">\n\t\t\t\t<div class=\"elementor-widget-container\">\n\t\t\t\t\t\t\t\t\t<p>Virtu\u0101l\u0101s izst\u0101des un t\u016bres atbalst\u012bt\u0101ji:<\/p><p>\u00a0<\/p>\t\t\t\t\t\t\t\t<\/div>\n\t\t\t\t<\/div>\n\t\t\t\t\t<\/div>\n\t\t<\/div>\n\t\t\t\t\t<\/div>\n\t\t<\/section>\n\t\t\t\t<section class=\"elementor-section elementor-top-section elementor-element elementor-element-ea0009b elementor-section-boxed elementor-section-height-default elementor-section-height-default\" data-id=\"ea0009b\" data-element_type=\"section\" data-e-type=\"section\">\n\t\t\t\t\t\t<div class=\"elementor-container elementor-column-gap-default\">\n\t\t\t\t\t<div class=\"elementor-column elementor-col-25 elementor-top-column elementor-element elementor-element-96ac70d\" data-id=\"96ac70d\" data-element_type=\"column\" data-e-type=\"column\">\n\t\t\t<div class=\"elementor-widget-wrap elementor-element-populated\">\n\t\t\t\t\t\t<div class=\"elementor-element elementor-element-8ea448e elementor-widget elementor-widget-image\" data-id=\"8ea448e\" data-element_type=\"widget\" data-e-type=\"widget\" data-widget_type=\"image.default\">\n\t\t\t\t<div class=\"elementor-widget-container\">\n\t\t\t\t\t\t\t\t\t\t\t\t\t\t\t<img fetchpriority=\"high\" decoding=\"async\" width=\"1024\" height=\"682\" src=\"https:\/\/www.archiv.org.lv\/rigaspilsetasarhivs\/wp-content\/uploads\/2022\/11\/47_bez_vienkarsa_pilnkrasu_rgb_h_LV-1-1024x682.jpg\" class=\"attachment-large size-large wp-image-3456\" alt=\"\" srcset=\"https:\/\/www.archiv.org.lv\/rigaspilsetasarhivs\/wp-content\/uploads\/2022\/11\/47_bez_vienkarsa_pilnkrasu_rgb_h_LV-1-1024x682.jpg 1024w, https:\/\/www.archiv.org.lv\/rigaspilsetasarhivs\/wp-content\/uploads\/2022\/11\/47_bez_vienkarsa_pilnkrasu_rgb_h_LV-1-300x200.jpg 300w, https:\/\/www.archiv.org.lv\/rigaspilsetasarhivs\/wp-content\/uploads\/2022\/11\/47_bez_vienkarsa_pilnkrasu_rgb_h_LV-1-768x512.jpg 768w, https:\/\/www.archiv.org.lv\/rigaspilsetasarhivs\/wp-content\/uploads\/2022\/11\/47_bez_vienkarsa_pilnkrasu_rgb_h_LV-1.jpg 1060w\" sizes=\"(max-width: 1024px) 100vw, 1024px\" \/>\t\t\t\t\t\t\t\t\t\t\t\t\t\t\t<\/div>\n\t\t\t\t<\/div>\n\t\t\t\t\t<\/div>\n\t\t<\/div>\n\t\t\t\t<div class=\"elementor-column elementor-col-25 elementor-top-column elementor-element elementor-element-8cbacb1\" data-id=\"8cbacb1\" data-element_type=\"column\" data-e-type=\"column\">\n\t\t\t<div class=\"elementor-widget-wrap elementor-element-populated\">\n\t\t\t\t\t\t<div class=\"elementor-element elementor-element-ae8a4eb elementor-widget elementor-widget-image\" data-id=\"ae8a4eb\" data-element_type=\"widget\" data-e-type=\"widget\" data-widget_type=\"image.default\">\n\t\t\t\t<div class=\"elementor-widget-container\">\n\t\t\t\t\t\t\t\t\t\t\t\t\t\t\t<img decoding=\"async\" width=\"1024\" height=\"683\" src=\"https:\/\/www.archiv.org.lv\/rigaspilsetasarhivs\/wp-content\/uploads\/2022\/10\/lab_logo-1024x683.png\" class=\"attachment-large size-large wp-image-2233\" alt=\"\" srcset=\"https:\/\/www.archiv.org.lv\/rigaspilsetasarhivs\/wp-content\/uploads\/2022\/10\/lab_logo-1024x683.png 1024w, https:\/\/www.archiv.org.lv\/rigaspilsetasarhivs\/wp-content\/uploads\/2022\/10\/lab_logo-300x200.png 300w, https:\/\/www.archiv.org.lv\/rigaspilsetasarhivs\/wp-content\/uploads\/2022\/10\/lab_logo-768x512.png 768w, https:\/\/www.archiv.org.lv\/rigaspilsetasarhivs\/wp-content\/uploads\/2022\/10\/lab_logo.png 1417w\" sizes=\"(max-width: 1024px) 100vw, 1024px\" \/>\t\t\t\t\t\t\t\t\t\t\t\t\t\t\t<\/div>\n\t\t\t\t<\/div>\n\t\t\t\t\t<\/div>\n\t\t<\/div>\n\t\t\t\t<div class=\"elementor-column elementor-col-25 elementor-top-column elementor-element elementor-element-b5c73f6\" data-id=\"b5c73f6\" data-element_type=\"column\" data-e-type=\"column\">\n\t\t\t<div class=\"elementor-widget-wrap elementor-element-populated\">\n\t\t\t\t\t\t<div class=\"elementor-element elementor-element-5a0dee3 elementor-widget elementor-widget-image\" data-id=\"5a0dee3\" data-element_type=\"widget\" data-e-type=\"widget\" data-widget_type=\"image.default\">\n\t\t\t\t<div class=\"elementor-widget-container\">\n\t\t\t\t\t\t\t\t\t\t\t\t\t\t\t<img decoding=\"async\" width=\"1024\" height=\"584\" src=\"https:\/\/www.archiv.org.lv\/rigaspilsetasarhivs\/wp-content\/uploads\/2022\/10\/Riga\u2014LV\u2014Logo-black-1024x584.png\" class=\"attachment-large size-large wp-image-2234\" alt=\"\" srcset=\"https:\/\/www.archiv.org.lv\/rigaspilsetasarhivs\/wp-content\/uploads\/2022\/10\/Riga\u2014LV\u2014Logo-black-1024x584.png 1024w, https:\/\/www.archiv.org.lv\/rigaspilsetasarhivs\/wp-content\/uploads\/2022\/10\/Riga\u2014LV\u2014Logo-black-300x171.png 300w, https:\/\/www.archiv.org.lv\/rigaspilsetasarhivs\/wp-content\/uploads\/2022\/10\/Riga\u2014LV\u2014Logo-black-768x438.png 768w, https:\/\/www.archiv.org.lv\/rigaspilsetasarhivs\/wp-content\/uploads\/2022\/10\/Riga\u2014LV\u2014Logo-black-1536x877.png 1536w, https:\/\/www.archiv.org.lv\/rigaspilsetasarhivs\/wp-content\/uploads\/2022\/10\/Riga\u2014LV\u2014Logo-black-2048x1169.png 2048w\" sizes=\"(max-width: 1024px) 100vw, 1024px\" \/>\t\t\t\t\t\t\t\t\t\t\t\t\t\t\t<\/div>\n\t\t\t\t<\/div>\n\t\t\t\t\t<\/div>\n\t\t<\/div>\n\t\t\t\t<div class=\"elementor-column elementor-col-25 elementor-top-column elementor-element elementor-element-eb341e0\" data-id=\"eb341e0\" data-element_type=\"column\" data-e-type=\"column\">\n\t\t\t<div class=\"elementor-widget-wrap elementor-element-populated\">\n\t\t\t\t\t\t<div class=\"elementor-element elementor-element-6ffacab elementor-widget elementor-widget-image\" data-id=\"6ffacab\" data-element_type=\"widget\" data-e-type=\"widget\" data-widget_type=\"image.default\">\n\t\t\t\t<div class=\"elementor-widget-container\">\n\t\t\t\t\t\t\t\t\t\t\t\t\t\t\t<img loading=\"lazy\" decoding=\"async\" width=\"746\" height=\"567\" src=\"https:\/\/www.archiv.org.lv\/rigaspilsetasarhivs\/wp-content\/uploads\/2022\/10\/unesco_mow_national_register_lav_B.png\" class=\"attachment-large size-large wp-image-2235\" alt=\"\" srcset=\"https:\/\/www.archiv.org.lv\/rigaspilsetasarhivs\/wp-content\/uploads\/2022\/10\/unesco_mow_national_register_lav_B.png 746w, https:\/\/www.archiv.org.lv\/rigaspilsetasarhivs\/wp-content\/uploads\/2022\/10\/unesco_mow_national_register_lav_B-300x228.png 300w\" sizes=\"(max-width: 746px) 100vw, 746px\" \/>\t\t\t\t\t\t\t\t\t\t\t\t\t\t\t<\/div>\n\t\t\t\t<\/div>\n\t\t\t\t\t<\/div>\n\t\t<\/div>\n\t\t\t\t\t<\/div>\n\t\t<\/section>\n\t\t\t\t<\/div>\n\t\t","protected":false},"excerpt":{"rendered":"<p>R\u012bgas pils\u0113tas arh\u012bvs Virtu\u0101l\u0101 izst\u0101de R\u012bgas pils\u0113tas arh\u012bvs pieder pie sen\u0101kajiem arh\u012bviem Baltij\u0101 un vec\u0101kaj\u0101m R\u012bgas pils\u0113tas kult\u016bras instit\u016bcij\u0101m. Pils\u0113tas arh\u012bva v\u0113sture aizs\u0101k\u0101s 13. gs. un laika gait\u0101 tas izauga no r\u0101tes kancelejas dokumentu glab\u0101tavas l\u012bdz neatkar\u012bgai instit\u016bcijai ar pla\u0161u uzdevumu kl\u0101stu. R\u012bgas pils\u0113tas arh\u012bvs ir piedz\u012bvojis unik\u0101lu likteni Latvijas arh\u012bvu v\u0113stures kontekst\u0101. T\u0101 dokumentu [&hellip;]<\/p>\n","protected":false},"author":1,"featured_media":0,"parent":0,"menu_order":0,"comment_status":"closed","ping_status":"closed","template":"","meta":{"site-sidebar-layout":"no-sidebar","site-content-layout":"page-builder","ast-site-content-layout":"","site-content-style":"default","site-sidebar-style":"default","ast-global-header-display":"","ast-banner-title-visibility":"","ast-main-header-display":"","ast-hfb-above-header-display":"","ast-hfb-below-header-display":"","ast-hfb-mobile-header-display":"","site-post-title":"disabled","ast-breadcrumbs-content":"","ast-featured-img":"disabled","footer-sml-layout":"","theme-transparent-header-meta":"enabled","adv-header-id-meta":"","stick-header-meta":"","header-above-stick-meta":"","header-main-stick-meta":"","header-below-stick-meta":"","astra-migrate-meta-layouts":"default","ast-page-background-enabled":"default","ast-page-background-meta":{"desktop":{"background-color":"var(--ast-global-color-4)","background-image":"","background-repeat":"repeat","background-position":"center center","background-size":"auto","background-attachment":"scroll","background-type":"","background-media":"","overlay-type":"","overlay-color":"","overlay-opacity":"","overlay-gradient":""},"tablet":{"background-color":"","background-image":"","background-repeat":"repeat","background-position":"center center","background-size":"auto","background-attachment":"scroll","background-type":"","background-media":"","overlay-type":"","overlay-color":"","overlay-opacity":"","overlay-gradient":""},"mobile":{"background-color":"","background-image":"","background-repeat":"repeat","background-position":"center center","background-size":"auto","background-attachment":"scroll","background-type":"","background-media":"","overlay-type":"","overlay-color":"","overlay-opacity":"","overlay-gradient":""}},"ast-content-background-meta":{"desktop":{"background-color":"var(--ast-global-color-5)","background-image":"","background-repeat":"repeat","background-position":"center center","background-size":"auto","background-attachment":"scroll","background-type":"","background-media":"","overlay-type":"","overlay-color":"","overlay-opacity":"","overlay-gradient":""},"tablet":{"background-color":"var(--ast-global-color-5)","background-image":"","background-repeat":"repeat","background-position":"center center","background-size":"auto","background-attachment":"scroll","background-type":"","background-media":"","overlay-type":"","overlay-color":"","overlay-opacity":"","overlay-gradient":""},"mobile":{"background-color":"var(--ast-global-color-5)","background-image":"","background-repeat":"repeat","background-position":"center center","background-size":"auto","background-attachment":"scroll","background-type":"","background-media":"","overlay-type":"","overlay-color":"","overlay-opacity":"","overlay-gradient":""}},"footnotes":""},"class_list":["post-1318","page","type-page","status-publish","hentry"],"_links":{"self":[{"href":"https:\/\/www.archiv.org.lv\/rigaspilsetasarhivs\/index.php\/wp-json\/wp\/v2\/pages\/1318","targetHints":{"allow":["GET"]}}],"collection":[{"href":"https:\/\/www.archiv.org.lv\/rigaspilsetasarhivs\/index.php\/wp-json\/wp\/v2\/pages"}],"about":[{"href":"https:\/\/www.archiv.org.lv\/rigaspilsetasarhivs\/index.php\/wp-json\/wp\/v2\/types\/page"}],"author":[{"embeddable":true,"href":"https:\/\/www.archiv.org.lv\/rigaspilsetasarhivs\/index.php\/wp-json\/wp\/v2\/users\/1"}],"replies":[{"embeddable":true,"href":"https:\/\/www.archiv.org.lv\/rigaspilsetasarhivs\/index.php\/wp-json\/wp\/v2\/comments?post=1318"}],"version-history":[{"count":97,"href":"https:\/\/www.archiv.org.lv\/rigaspilsetasarhivs\/index.php\/wp-json\/wp\/v2\/pages\/1318\/revisions"}],"predecessor-version":[{"id":3462,"href":"https:\/\/www.archiv.org.lv\/rigaspilsetasarhivs\/index.php\/wp-json\/wp\/v2\/pages\/1318\/revisions\/3462"}],"wp:attachment":[{"href":"https:\/\/www.archiv.org.lv\/rigaspilsetasarhivs\/index.php\/wp-json\/wp\/v2\/media?parent=1318"}],"curies":[{"name":"wp","href":"https:\/\/api.w.org\/{rel}","templated":true}]}}