{"id":1336,"date":"2022-10-04T11:04:08","date_gmt":"2022-10-04T08:04:08","guid":{"rendered":"http:\/\/www.archiv.org.lv\/rigaspilsetasarhivs\/?page_id=1336"},"modified":"2022-11-16T14:32:13","modified_gmt":"2022-11-16T12:32:13","slug":"arhivs-1882-1919-gada","status":"publish","type":"page","link":"https:\/\/www.archiv.org.lv\/rigaspilsetasarhivs\/index.php\/arhivs-1882-1919-gada\/","title":{"rendered":"Arh\u012bvs 1882.\u20131919. gad\u0101"},"content":{"rendered":"\t\t<div data-elementor-type=\"wp-page\" data-elementor-id=\"1336\" class=\"elementor elementor-1336\">\n\t\t\t\t\t\t<section class=\"elementor-section elementor-top-section elementor-element elementor-element-9wi9zir elementor-section-height-min-height elementor-section-boxed elementor-section-height-default elementor-section-items-middle\" data-id=\"9wi9zir\" data-element_type=\"section\" data-e-type=\"section\" data-settings=\"{&quot;background_background&quot;:&quot;classic&quot;}\">\n\t\t\t\t\t\t\t<div class=\"elementor-background-overlay\"><\/div>\n\t\t\t\t\t\t\t<div class=\"elementor-container elementor-column-gap-default\">\n\t\t\t\t\t<div class=\"elementor-column elementor-col-100 elementor-top-column elementor-element elementor-element-09faee3\" data-id=\"09faee3\" data-element_type=\"column\" data-e-type=\"column\">\n\t\t\t<div class=\"elementor-widget-wrap elementor-element-populated\">\n\t\t\t\t\t\t<div class=\"elementor-element elementor-element-c7152a9 elementor-widget elementor-widget-heading\" data-id=\"c7152a9\" data-element_type=\"widget\" data-e-type=\"widget\" data-widget_type=\"heading.default\">\n\t\t\t\t<div class=\"elementor-widget-container\">\n\t\t\t\t\t<h1 class=\"elementor-heading-title elementor-size-default\">Arh\u012bvs 1882. - 1919. gad\u0101<\/h1>\t\t\t\t<\/div>\n\t\t\t\t<\/div>\n\t\t\t\t\t<\/div>\n\t\t<\/div>\n\t\t\t\t\t<\/div>\n\t\t<\/section>\n\t\t\t\t<section class=\"elementor-section elementor-top-section elementor-element elementor-element-yvg7ubl elementor-section-boxed elementor-section-height-default elementor-section-height-default\" data-id=\"yvg7ubl\" data-element_type=\"section\" data-e-type=\"section\">\n\t\t\t\t\t\t<div class=\"elementor-container elementor-column-gap-default\">\n\t\t\t\t\t<div class=\"elementor-column elementor-col-50 elementor-top-column elementor-element elementor-element-7d00c84\" data-id=\"7d00c84\" data-element_type=\"column\" data-e-type=\"column\">\n\t\t\t<div class=\"elementor-widget-wrap elementor-element-populated\">\n\t\t\t\t\t\t<div class=\"elementor-element elementor-element-c31e03f elementor-drop-cap-yes elementor-drop-cap-view-default elementor-widget elementor-widget-text-editor\" data-id=\"c31e03f\" data-element_type=\"widget\" data-e-type=\"widget\" data-settings=\"{&quot;drop_cap&quot;:&quot;yes&quot;}\" data-widget_type=\"text-editor.default\">\n\t\t\t\t<div class=\"elementor-widget-container\">\n\t\t\t\t\t\t\t\t\t<p>P\u0113c R\u012bgas p\u0101rvaldes reform\u0101m 1878. gad\u0101 aktu\u0101ls k\u013cuva jaut\u0101jums par bag\u0101t\u012bg\u0101 r\u0101tes arh\u012bva saglab\u0101\u0161anu. 1881. gada decembr\u012b R\u012bgas v\u0113stures un senatnes p\u0113t\u012bt\u0101ju biedr\u012bba rosin\u0101ja pils\u0113tas valdi izveidot pils\u0113tas arhiv\u0101ra amatu, taj\u0101 iece\u013cot jomas lietprat\u0113ju. 1882. gada 2. febru\u0101r\u012b pils\u0113tas dome atbalst\u012bja priek\u0161likumu. 25. febru\u0101r\u012b valde apstiprin\u0101ja arhiv\u0101ra amata instrukciju un mart\u0101 \u0161aj\u0101 amat\u0101 iec\u0113la v\u0113sturnieku Hermani Hildebrandu. Arhiv\u0101rs uzs\u0101ka darbu r\u0101tsnam\u0101 un vi\u0146a pien\u0101kums bija uztur\u0113t un k\u0101rtot arh\u012bvu, dar\u012bt to pieejamu zin\u0101tniskiem p\u0113t\u012bjumiem un gatavot v\u0113rt\u012bg\u0101ko arhiv\u0101liju publik\u0101cijas. Pirmajos arh\u012bva darb\u012bbas gados galven\u0101 uzman\u012bba bija piev\u0113rsta iek\u0161\u0113j\u0101 arh\u012bva k\u0101rto\u0161anai un dokumentu re\u0123istru izgatavo\u0161anai.<\/p><p>\u00a0<\/p><p>1890. gad\u0101 pils\u0113tas arh\u012bvs ieguva pla\u0161as telpas jaunuzceltaj\u0101 Doma muzej\u0101 un \u0137\u0113r\u0101s pie sare\u017e\u0123\u012bt\u0101 uzdevuma apkopot 1889. gad\u0101 likvid\u0113t\u0101s r\u0101tes un tai pak\u013cauto instit\u016bciju arh\u012bvu materi\u0101lus, kas bija non\u0101ku\u0161i pils\u0113tas un valsts iest\u0101\u017eu \u012bpa\u0161um\u0101, kur nereti bija pak\u013cauti nev\u0113r\u012bgai attieksmei. Dokumenti atrad\u0101s ar\u012b priv\u0101tkolekcij\u0101s. Neskatoties uz gr\u016bt\u012bb\u0101m, pils\u0113tas arhiv\u0101ri sp\u0113ja apkopot iev\u0113rojamu da\u013cu biju\u0161o r\u0101tes iest\u0101\u017eu arh\u012bvu.<\/p><p>\u00a0<\/p><p>Arh\u012bvs iesaist\u012bj\u0101s ar\u012b zin\u0101tniskaj\u0101 dz\u012bv\u0113. Pils\u0113tas arhiv\u0101ri piedal\u012bj\u0101s Baltijas v\u0113sturnieku un Viskrievijas arheolo\u0123ijas kongresos, sadarboj\u0101s ar Krievijas un Rietumeiropas arh\u012bviem un bibliot\u0113k\u0101m. Arh\u012bva dokumenti regul\u0101ri tika ekspon\u0113ti izst\u0101d\u0113s.<\/p><p>\u00a0<\/p><p>Pirmais Pasaules kar\u0161 ienesa b\u016btiskas p\u0101rmai\u0146as arh\u012bva darb\u012bb\u0101. R\u012bgas pils\u0113tas iest\u0101d\u0113m izdev\u0101s aptur\u0113t ieceri arh\u012bvu evaku\u0113t uz Iek\u0161krievijas guber\u0146\u0101m. 1915. gad\u0101 uz Sanktp\u0113terburgu aizveda vien 128 sen\u0101kos ar Krievzemi saist\u012btos dokumentus, kas n\u0101ca no dokumentu kolekcijas <em>Moscowitica Ruthenica<\/em>. V\u0101cu okup\u0101cijas laik\u0101 no 1917. gada l\u012bdz 1918. gadam arh\u012bv\u0101 liel\u0101 vairum\u0101 non\u0101ca likvid\u0113to pils\u0113tas iest\u0101\u017eu dokumenti un tam uztic\u0113ja ar\u012b R\u012bgas pil\u012b atst\u0101to Vidzemes guber\u0146as iest\u0101\u017eu arh\u012bvu p\u0101rraudz\u012bbu. Min\u0113tos dokumentus 1919. gad\u0101 pils\u0113tas arh\u012bvs nodeva jaundibin\u0101tajam Valsts v\u0113sturiskajam arh\u012bvam.<\/p><p>\u00a0<\/p><p>1919. gada janv\u0101r\u012b R\u012bgu okup\u0113ja padomju karasp\u0113ks. Neilgaj\u0101 lielinieku vald\u012b\u0161anas laik\u0101 arh\u012bvu p\u0101rd\u0113v\u0113ja gan par Latvijas v\u0113sturisko arh\u012bvu, gan V\u0113sturisko centr\u0101larh\u012bvu, bet jau 1919. gada pavasar\u012b tas atguva pils\u0113tas arh\u012bva statusu.<\/p>\t\t\t\t\t\t\t\t<\/div>\n\t\t\t\t<\/div>\n\t\t\t\t\t<\/div>\n\t\t<\/div>\n\t\t\t\t<div class=\"elementor-column elementor-col-50 elementor-top-column elementor-element elementor-element-f485586\" data-id=\"f485586\" data-element_type=\"column\" data-e-type=\"column\">\n\t\t\t<div class=\"elementor-widget-wrap elementor-element-populated\">\n\t\t\t\t\t\t<div class=\"elementor-element elementor-element-b5d284b elementor-widget elementor-widget-image\" data-id=\"b5d284b\" data-element_type=\"widget\" data-e-type=\"widget\" data-widget_type=\"image.default\">\n\t\t\t\t<div class=\"elementor-widget-container\">\n\t\t\t\t\t\t\t\t\t\t\t\t<figure class=\"wp-caption\">\n\t\t\t\t\t\t\t\t\t\t\t<a href=\"https:\/\/www.archiv.org.lv\/rigaspilsetasarhivs\/wp-content\/uploads\/2022\/10\/Ratsnams_19371_n-1-scaled.jpg\" data-elementor-open-lightbox=\"yes\" data-elementor-lightbox-title=\"R\u0101tsnama kopskats R\u012bg\u0101 (1835.g. z\u012bm\u0113juma fotokopija). R\u012bga Nezin\u0101ma autora foto. LNA_LVKFFDA, F1_19371N\" data-e-action-hash=\"#elementor-action%3Aaction%3Dlightbox%26settings%3DeyJpZCI6MTg0MywidXJsIjoiaHR0cHM6XC9cL3d3dy5hcmNoaXYub3JnLmx2XC9yaWdhc3BpbHNldGFzYXJoaXZzXC93cC1jb250ZW50XC91cGxvYWRzXC8yMDIyXC8xMFwvUmF0c25hbXNfMTkzNzFfbi0xLXNjYWxlZC5qcGcifQ%3D%3D\">\n\t\t\t\t\t\t\t<img fetchpriority=\"high\" decoding=\"async\" width=\"2560\" height=\"1780\" src=\"https:\/\/www.archiv.org.lv\/rigaspilsetasarhivs\/wp-content\/uploads\/2022\/10\/Ratsnams_19371_n-1-scaled.jpg\" class=\"attachment-full size-full wp-image-1843\" alt=\"\" srcset=\"https:\/\/www.archiv.org.lv\/rigaspilsetasarhivs\/wp-content\/uploads\/2022\/10\/Ratsnams_19371_n-1-scaled.jpg 2560w, https:\/\/www.archiv.org.lv\/rigaspilsetasarhivs\/wp-content\/uploads\/2022\/10\/Ratsnams_19371_n-1-300x209.jpg 300w, https:\/\/www.archiv.org.lv\/rigaspilsetasarhivs\/wp-content\/uploads\/2022\/10\/Ratsnams_19371_n-1-1024x712.jpg 1024w, https:\/\/www.archiv.org.lv\/rigaspilsetasarhivs\/wp-content\/uploads\/2022\/10\/Ratsnams_19371_n-1-768x534.jpg 768w, https:\/\/www.archiv.org.lv\/rigaspilsetasarhivs\/wp-content\/uploads\/2022\/10\/Ratsnams_19371_n-1-1536x1068.jpg 1536w, https:\/\/www.archiv.org.lv\/rigaspilsetasarhivs\/wp-content\/uploads\/2022\/10\/Ratsnams_19371_n-1-2048x1424.jpg 2048w\" sizes=\"(max-width: 2560px) 100vw, 2560px\" \/>\t\t\t\t\t\t\t\t<\/a>\n\t\t\t\t\t\t\t\t\t\t\t<figcaption class=\"widget-image-caption wp-caption-text\">R\u0101tsnama kopskats R\u012bg\u0101 (1835.g. z\u012bm\u0113juma fotokopija). R\u012bga Nezin\u0101ma autora foto. LNA_LVKFFDA, F1_19371N<\/figcaption>\n\t\t\t\t\t\t\t\t\t\t<\/figure>\n\t\t\t\t\t\t\t\t\t<\/div>\n\t\t\t\t<\/div>\n\t\t\t\t<div class=\"elementor-element elementor-element-cd44d33 elementor-widget elementor-widget-image\" data-id=\"cd44d33\" data-element_type=\"widget\" data-e-type=\"widget\" data-widget_type=\"image.default\">\n\t\t\t\t<div class=\"elementor-widget-container\">\n\t\t\t\t\t\t\t\t\t\t\t\t<figure class=\"wp-caption\">\n\t\t\t\t\t\t\t\t\t\t\t<a href=\"https:\/\/www.archiv.org.lv\/rigaspilsetasarhivs\/wp-content\/uploads\/2022\/10\/img091-scaled.jpg\" data-elementor-open-lightbox=\"yes\" data-elementor-lightbox-title=\"R\u012bgas v\u0113stures un senatnes p\u0113t\u012bt\u0101ju biedr\u012bbas v\u0113stule R\u012bgas pils\u0113tas valdei ar l\u016bgumu izveidot pils\u0113tas arhiv\u0101ra amatu. 1881. gada 15. decembris LNA_LVVA, F2724_1_25, 1. lp.\" data-e-action-hash=\"#elementor-action%3Aaction%3Dlightbox%26settings%3DeyJpZCI6MjQxMCwidXJsIjoiaHR0cHM6XC9cL3d3dy5hcmNoaXYub3JnLmx2XC9yaWdhc3BpbHNldGFzYXJoaXZzXC93cC1jb250ZW50XC91cGxvYWRzXC8yMDIyXC8xMFwvaW1nMDkxLXNjYWxlZC5qcGcifQ%3D%3D\">\n\t\t\t\t\t\t\t<img decoding=\"async\" width=\"186\" height=\"300\" src=\"https:\/\/www.archiv.org.lv\/rigaspilsetasarhivs\/wp-content\/uploads\/2022\/10\/img091-186x300.jpg\" class=\"attachment-medium size-medium wp-image-2410\" alt=\"\" srcset=\"https:\/\/www.archiv.org.lv\/rigaspilsetasarhivs\/wp-content\/uploads\/2022\/10\/img091-186x300.jpg 186w, https:\/\/www.archiv.org.lv\/rigaspilsetasarhivs\/wp-content\/uploads\/2022\/10\/img091-635x1024.jpg 635w, https:\/\/www.archiv.org.lv\/rigaspilsetasarhivs\/wp-content\/uploads\/2022\/10\/img091-768x1239.jpg 768w, https:\/\/www.archiv.org.lv\/rigaspilsetasarhivs\/wp-content\/uploads\/2022\/10\/img091-952x1536.jpg 952w, https:\/\/www.archiv.org.lv\/rigaspilsetasarhivs\/wp-content\/uploads\/2022\/10\/img091-1270x2048.jpg 1270w, https:\/\/www.archiv.org.lv\/rigaspilsetasarhivs\/wp-content\/uploads\/2022\/10\/img091-scaled.jpg 1587w\" sizes=\"(max-width: 186px) 100vw, 186px\" \/>\t\t\t\t\t\t\t\t<\/a>\n\t\t\t\t\t\t\t\t\t\t\t<figcaption class=\"widget-image-caption wp-caption-text\">R\u012bgas v\u0113stures un senatnes p\u0113t\u012bt\u0101ju biedr\u012bbas v\u0113stule R\u012bgas pils\u0113tas valdei ar l\u016bgumu izveidot pils\u0113tas arhiv\u0101ra amatu. 1881. gada 15. decembris LNA_LVVA, F2724_1_25, 1. lp.<\/figcaption>\n\t\t\t\t\t\t\t\t\t\t<\/figure>\n\t\t\t\t\t\t\t\t\t<\/div>\n\t\t\t\t<\/div>\n\t\t\t\t\t<\/div>\n\t\t<\/div>\n\t\t\t\t\t<\/div>\n\t\t<\/section>\n\t\t\t\t<section class=\"elementor-section elementor-top-section elementor-element elementor-element-lbp3sp9 elementor-section-boxed elementor-section-height-default elementor-section-height-default\" data-id=\"lbp3sp9\" data-element_type=\"section\" data-e-type=\"section\">\n\t\t\t\t\t\t<div class=\"elementor-container elementor-column-gap-default\">\n\t\t\t\t\t<div class=\"elementor-column elementor-col-33 elementor-top-column elementor-element elementor-element-15cfb90\" data-id=\"15cfb90\" data-element_type=\"column\" data-e-type=\"column\">\n\t\t\t<div class=\"elementor-widget-wrap elementor-element-populated\">\n\t\t\t\t\t\t<div class=\"elementor-element elementor-element-a26d886 elementor-widget elementor-widget-image\" data-id=\"a26d886\" data-element_type=\"widget\" data-e-type=\"widget\" data-widget_type=\"image.default\">\n\t\t\t\t<div class=\"elementor-widget-container\">\n\t\t\t\t\t\t\t\t\t\t\t\t<figure class=\"wp-caption\">\n\t\t\t\t\t\t\t\t\t\t\t<a href=\"https:\/\/www.archiv.org.lv\/rigaspilsetasarhivs\/wp-content\/uploads\/2022\/10\/LNA-LVVA_2817_1_2_44.lp_-scaled.jpg\" data-elementor-open-lightbox=\"yes\" data-elementor-lightbox-title=\"Vidzemes bru\u0146niec\u012bbas sekret\u0101ra Herma\u0146a Gotfr\u012bda fon Bruininga v\u0113stule pils\u0113tas arh\u012bva p\u0101rvaldei par bru\u0146niec\u012bbas bibliot\u0113k\u0101 eso\u0161o dokumentu nodo\u0161anu arh\u012bvam. 1895. gada 7. oktobris. LNA_LVVA, F2817_1_2, 22. lp.\" data-e-action-hash=\"#elementor-action%3Aaction%3Dlightbox%26settings%3DeyJpZCI6MTU0NiwidXJsIjoiaHR0cHM6XC9cL3d3dy5hcmNoaXYub3JnLmx2XC9yaWdhc3BpbHNldGFzYXJoaXZzXC93cC1jb250ZW50XC91cGxvYWRzXC8yMDIyXC8xMFwvTE5BLUxWVkFfMjgxN18xXzJfNDQubHBfLXNjYWxlZC5qcGcifQ%3D%3D\">\n\t\t\t\t\t\t\t<img decoding=\"async\" width=\"1971\" height=\"2560\" src=\"https:\/\/www.archiv.org.lv\/rigaspilsetasarhivs\/wp-content\/uploads\/2022\/10\/LNA-LVVA_2817_1_2_44.lp_-scaled.jpg\" class=\"attachment-full size-full wp-image-1546\" alt=\"\" srcset=\"https:\/\/www.archiv.org.lv\/rigaspilsetasarhivs\/wp-content\/uploads\/2022\/10\/LNA-LVVA_2817_1_2_44.lp_-scaled.jpg 1971w, https:\/\/www.archiv.org.lv\/rigaspilsetasarhivs\/wp-content\/uploads\/2022\/10\/LNA-LVVA_2817_1_2_44.lp_-231x300.jpg 231w, https:\/\/www.archiv.org.lv\/rigaspilsetasarhivs\/wp-content\/uploads\/2022\/10\/LNA-LVVA_2817_1_2_44.lp_-789x1024.jpg 789w, https:\/\/www.archiv.org.lv\/rigaspilsetasarhivs\/wp-content\/uploads\/2022\/10\/LNA-LVVA_2817_1_2_44.lp_-768x997.jpg 768w, https:\/\/www.archiv.org.lv\/rigaspilsetasarhivs\/wp-content\/uploads\/2022\/10\/LNA-LVVA_2817_1_2_44.lp_-1183x1536.jpg 1183w, https:\/\/www.archiv.org.lv\/rigaspilsetasarhivs\/wp-content\/uploads\/2022\/10\/LNA-LVVA_2817_1_2_44.lp_-1577x2048.jpg 1577w\" sizes=\"(max-width: 1971px) 100vw, 1971px\" \/>\t\t\t\t\t\t\t\t<\/a>\n\t\t\t\t\t\t\t\t\t\t\t<figcaption class=\"widget-image-caption wp-caption-text\">Vidzemes bru\u0146niec\u012bbas sekret\u0101ra Herma\u0146a Gotfr\u012bda fon Bruininga v\u0113stule pils\u0113tas arh\u012bva p\u0101rvaldei par bru\u0146niec\u012bbas bibliot\u0113k\u0101 eso\u0161o dokumentu nodo\u0161anu arh\u012bvam. 1895. gada 7. oktobris. LNA_LVVA, F2817_1_2, 22. lp.<\/figcaption>\n\t\t\t\t\t\t\t\t\t\t<\/figure>\n\t\t\t\t\t\t\t\t\t<\/div>\n\t\t\t\t<\/div>\n\t\t\t\t\t<\/div>\n\t\t<\/div>\n\t\t\t\t<div class=\"elementor-column elementor-col-33 elementor-top-column elementor-element elementor-element-fb5e250\" data-id=\"fb5e250\" data-element_type=\"column\" data-e-type=\"column\">\n\t\t\t<div class=\"elementor-widget-wrap elementor-element-populated\">\n\t\t\t\t\t\t<div class=\"elementor-element elementor-element-8b2e8f4 elementor-widget elementor-widget-image\" data-id=\"8b2e8f4\" data-element_type=\"widget\" data-e-type=\"widget\" data-widget_type=\"image.default\">\n\t\t\t\t<div class=\"elementor-widget-container\">\n\t\t\t\t\t\t\t\t\t\t\t\t<figure class=\"wp-caption\">\n\t\t\t\t\t\t\t\t\t\t\t<a href=\"https:\/\/www.archiv.org.lv\/rigaspilsetasarhivs\/wp-content\/uploads\/2022\/10\/LNA-LVVA_2817_2_44_49.lp_-scaled.jpg\" data-elementor-open-lightbox=\"yes\" data-elementor-lightbox-title=\"Pils\u0113tas valdes s\u0113des protokols ar l\u0113mumu neveikt pils\u0113tas v\u0113sturisk\u0101 arh\u012bva evaku\u0101ciju.  1915. gada 31. augusts. LNA_LVVA, F2817_2_44, 49. lp.\" data-e-action-hash=\"#elementor-action%3Aaction%3Dlightbox%26settings%3DeyJpZCI6MTU0NywidXJsIjoiaHR0cHM6XC9cL3d3dy5hcmNoaXYub3JnLmx2XC9yaWdhc3BpbHNldGFzYXJoaXZzXC93cC1jb250ZW50XC91cGxvYWRzXC8yMDIyXC8xMFwvTE5BLUxWVkFfMjgxN18yXzQ0XzQ5LmxwXy1zY2FsZWQuanBnIn0%3D\">\n\t\t\t\t\t\t\t<img loading=\"lazy\" decoding=\"async\" width=\"1663\" height=\"2560\" src=\"https:\/\/www.archiv.org.lv\/rigaspilsetasarhivs\/wp-content\/uploads\/2022\/10\/LNA-LVVA_2817_2_44_49.lp_-scaled.jpg\" class=\"attachment-full size-full wp-image-1547\" alt=\"\" srcset=\"https:\/\/www.archiv.org.lv\/rigaspilsetasarhivs\/wp-content\/uploads\/2022\/10\/LNA-LVVA_2817_2_44_49.lp_-scaled.jpg 1663w, https:\/\/www.archiv.org.lv\/rigaspilsetasarhivs\/wp-content\/uploads\/2022\/10\/LNA-LVVA_2817_2_44_49.lp_-195x300.jpg 195w, https:\/\/www.archiv.org.lv\/rigaspilsetasarhivs\/wp-content\/uploads\/2022\/10\/LNA-LVVA_2817_2_44_49.lp_-665x1024.jpg 665w, https:\/\/www.archiv.org.lv\/rigaspilsetasarhivs\/wp-content\/uploads\/2022\/10\/LNA-LVVA_2817_2_44_49.lp_-768x1182.jpg 768w, https:\/\/www.archiv.org.lv\/rigaspilsetasarhivs\/wp-content\/uploads\/2022\/10\/LNA-LVVA_2817_2_44_49.lp_-998x1536.jpg 998w, https:\/\/www.archiv.org.lv\/rigaspilsetasarhivs\/wp-content\/uploads\/2022\/10\/LNA-LVVA_2817_2_44_49.lp_-1330x2048.jpg 1330w\" sizes=\"(max-width: 1663px) 100vw, 1663px\" \/>\t\t\t\t\t\t\t\t<\/a>\n\t\t\t\t\t\t\t\t\t\t\t<figcaption class=\"widget-image-caption wp-caption-text\">Pils\u0113tas valdes s\u0113des protokols ar l\u0113mumu neveikt pils\u0113tas v\u0113sturisk\u0101 arh\u012bva evaku\u0101ciju.  1915. gada 31. augusts. LNA_LVVA, F2817_2_44, 49. lp.<\/figcaption>\n\t\t\t\t\t\t\t\t\t\t<\/figure>\n\t\t\t\t\t\t\t\t\t<\/div>\n\t\t\t\t<\/div>\n\t\t\t\t\t<\/div>\n\t\t<\/div>\n\t\t\t\t<div class=\"elementor-column elementor-col-33 elementor-top-column elementor-element elementor-element-9f8ea4f\" data-id=\"9f8ea4f\" data-element_type=\"column\" data-e-type=\"column\">\n\t\t\t<div class=\"elementor-widget-wrap elementor-element-populated\">\n\t\t\t\t\t\t<div class=\"elementor-element elementor-element-c1d9c32 elementor-widget elementor-widget-image\" data-id=\"c1d9c32\" data-element_type=\"widget\" data-e-type=\"widget\" data-widget_type=\"image.default\">\n\t\t\t\t<div class=\"elementor-widget-container\">\n\t\t\t\t\t\t\t\t\t\t\t\t<figure class=\"wp-caption\">\n\t\t\t\t\t\t\t\t\t\t\t<a href=\"https:\/\/www.archiv.org.lv\/rigaspilsetasarhivs\/wp-content\/uploads\/2022\/10\/instrukcija.jpg\" data-elementor-open-lightbox=\"yes\" data-elementor-lightbox-title=\"R\u012bgas v\u0113stures un senatnes p\u0113t\u012bt\u0101ju biedr\u012bbas v\u0113stule R\u012bgas pils\u0113tas valdei ar l\u016bgumu izveidot pils\u0113tas arhiv\u0101ra amatu. 1881. gada 15. decembris LNA_LVVA, F2724_1_25, 1. lp.\" data-e-action-hash=\"#elementor-action%3Aaction%3Dlightbox%26settings%3DeyJpZCI6MTU0MywidXJsIjoiaHR0cHM6XC9cL3d3dy5hcmNoaXYub3JnLmx2XC9yaWdhc3BpbHNldGFzYXJoaXZzXC93cC1jb250ZW50XC91cGxvYWRzXC8yMDIyXC8xMFwvaW5zdHJ1a2NpamEuanBnIn0%3D\">\n\t\t\t\t\t\t\t<img loading=\"lazy\" decoding=\"async\" width=\"1161\" height=\"1785\" src=\"https:\/\/www.archiv.org.lv\/rigaspilsetasarhivs\/wp-content\/uploads\/2022\/10\/instrukcija.jpg\" class=\"attachment-full size-full wp-image-1543\" alt=\"\" srcset=\"https:\/\/www.archiv.org.lv\/rigaspilsetasarhivs\/wp-content\/uploads\/2022\/10\/instrukcija.jpg 1161w, https:\/\/www.archiv.org.lv\/rigaspilsetasarhivs\/wp-content\/uploads\/2022\/10\/instrukcija-195x300.jpg 195w, https:\/\/www.archiv.org.lv\/rigaspilsetasarhivs\/wp-content\/uploads\/2022\/10\/instrukcija-666x1024.jpg 666w, https:\/\/www.archiv.org.lv\/rigaspilsetasarhivs\/wp-content\/uploads\/2022\/10\/instrukcija-768x1181.jpg 768w, https:\/\/www.archiv.org.lv\/rigaspilsetasarhivs\/wp-content\/uploads\/2022\/10\/instrukcija-999x1536.jpg 999w\" sizes=\"(max-width: 1161px) 100vw, 1161px\" \/>\t\t\t\t\t\t\t\t<\/a>\n\t\t\t\t\t\t\t\t\t\t\t<figcaption class=\"widget-image-caption wp-caption-text\">Instrukcija pils\u0113tas arh\u012bva p\u0101rvaldei. 1887. gada  19. janv\u0101ris. Saska\u0146\u0101 ar instrukciju arh\u012bvs bija pieejams publikai katru dienu, iz\u0146emot sv\u0113tdienas un sv\u0113tku dienas, no plkst. 10.00 l\u012bdz 14.00. No: Rigasche Stadtbl\u00e4tter, 1887, Nr. 3., S. 22.<\/figcaption>\n\t\t\t\t\t\t\t\t\t\t<\/figure>\n\t\t\t\t\t\t\t\t\t<\/div>\n\t\t\t\t<\/div>\n\t\t\t\t\t<\/div>\n\t\t<\/div>\n\t\t\t\t\t<\/div>\n\t\t<\/section>\n\t\t\t\t<\/div>\n\t\t","protected":false},"excerpt":{"rendered":"<p>Arh\u012bvs 1882. &#8211; 1919. gad\u0101 P\u0113c R\u012bgas p\u0101rvaldes reform\u0101m 1878. gad\u0101 aktu\u0101ls k\u013cuva jaut\u0101jums par bag\u0101t\u012bg\u0101 r\u0101tes arh\u012bva saglab\u0101\u0161anu. 1881. gada decembr\u012b R\u012bgas v\u0113stures un senatnes p\u0113t\u012bt\u0101ju biedr\u012bba rosin\u0101ja pils\u0113tas valdi izveidot pils\u0113tas arhiv\u0101ra amatu, taj\u0101 iece\u013cot jomas lietprat\u0113ju. 1882. gada 2. febru\u0101r\u012b pils\u0113tas dome atbalst\u012bja priek\u0161likumu. 25. febru\u0101r\u012b valde apstiprin\u0101ja arhiv\u0101ra amata instrukciju un [&hellip;]<\/p>\n","protected":false},"author":1,"featured_media":0,"parent":0,"menu_order":0,"comment_status":"closed","ping_status":"closed","template":"","meta":{"site-sidebar-layout":"no-sidebar","site-content-layout":"page-builder","ast-site-content-layout":"","site-content-style":"default","site-sidebar-style":"default","ast-global-header-display":"","ast-banner-title-visibility":"","ast-main-header-display":"","ast-hfb-above-header-display":"","ast-hfb-below-header-display":"","ast-hfb-mobile-header-display":"","site-post-title":"disabled","ast-breadcrumbs-content":"","ast-featured-img":"disabled","footer-sml-layout":"","theme-transparent-header-meta":"","adv-header-id-meta":"","stick-header-meta":"","header-above-stick-meta":"","header-main-stick-meta":"","header-below-stick-meta":"","astra-migrate-meta-layouts":"default","ast-page-background-enabled":"default","ast-page-background-meta":{"desktop":{"background-color":"var(--ast-global-color-4)","background-image":"","background-repeat":"repeat","background-position":"center center","background-size":"auto","background-attachment":"scroll","background-type":"","background-media":"","overlay-type":"","overlay-color":"","overlay-opacity":"","overlay-gradient":""},"tablet":{"background-color":"","background-image":"","background-repeat":"repeat","background-position":"center center","background-size":"auto","background-attachment":"scroll","background-type":"","background-media":"","overlay-type":"","overlay-color":"","overlay-opacity":"","overlay-gradient":""},"mobile":{"background-color":"","background-image":"","background-repeat":"repeat","background-position":"center center","background-size":"auto","background-attachment":"scroll","background-type":"","background-media":"","overlay-type":"","overlay-color":"","overlay-opacity":"","overlay-gradient":""}},"ast-content-background-meta":{"desktop":{"background-color":"var(--ast-global-color-5)","background-image":"","background-repeat":"repeat","background-position":"center center","background-size":"auto","background-attachment":"scroll","background-type":"","background-media":"","overlay-type":"","overlay-color":"","overlay-opacity":"","overlay-gradient":""},"tablet":{"background-color":"var(--ast-global-color-5)","background-image":"","background-repeat":"repeat","background-position":"center center","background-size":"auto","background-attachment":"scroll","background-type":"","background-media":"","overlay-type":"","overlay-color":"","overlay-opacity":"","overlay-gradient":""},"mobile":{"background-color":"var(--ast-global-color-5)","background-image":"","background-repeat":"repeat","background-position":"center center","background-size":"auto","background-attachment":"scroll","background-type":"","background-media":"","overlay-type":"","overlay-color":"","overlay-opacity":"","overlay-gradient":""}},"footnotes":""},"class_list":["post-1336","page","type-page","status-publish","hentry"],"_links":{"self":[{"href":"https:\/\/www.archiv.org.lv\/rigaspilsetasarhivs\/index.php\/wp-json\/wp\/v2\/pages\/1336","targetHints":{"allow":["GET"]}}],"collection":[{"href":"https:\/\/www.archiv.org.lv\/rigaspilsetasarhivs\/index.php\/wp-json\/wp\/v2\/pages"}],"about":[{"href":"https:\/\/www.archiv.org.lv\/rigaspilsetasarhivs\/index.php\/wp-json\/wp\/v2\/types\/page"}],"author":[{"embeddable":true,"href":"https:\/\/www.archiv.org.lv\/rigaspilsetasarhivs\/index.php\/wp-json\/wp\/v2\/users\/1"}],"replies":[{"embeddable":true,"href":"https:\/\/www.archiv.org.lv\/rigaspilsetasarhivs\/index.php\/wp-json\/wp\/v2\/comments?post=1336"}],"version-history":[{"count":88,"href":"https:\/\/www.archiv.org.lv\/rigaspilsetasarhivs\/index.php\/wp-json\/wp\/v2\/pages\/1336\/revisions"}],"predecessor-version":[{"id":3489,"href":"https:\/\/www.archiv.org.lv\/rigaspilsetasarhivs\/index.php\/wp-json\/wp\/v2\/pages\/1336\/revisions\/3489"}],"wp:attachment":[{"href":"https:\/\/www.archiv.org.lv\/rigaspilsetasarhivs\/index.php\/wp-json\/wp\/v2\/media?parent=1336"}],"curies":[{"name":"wp","href":"https:\/\/api.w.org\/{rel}","templated":true}]}}