{"id":1340,"date":"2022-10-04T11:05:09","date_gmt":"2022-10-04T08:05:09","guid":{"rendered":"http:\/\/www.archiv.org.lv\/rigaspilsetasarhivs\/?page_id=1340"},"modified":"2022-11-16T15:12:10","modified_gmt":"2022-11-16T13:12:10","slug":"arhivs-1940-1964-gada","status":"publish","type":"page","link":"https:\/\/www.archiv.org.lv\/rigaspilsetasarhivs\/index.php\/arhivs-1940-1964-gada\/","title":{"rendered":"Arh\u012bvs 1940.\u20131964. gad\u0101"},"content":{"rendered":"\t\t<div data-elementor-type=\"wp-page\" data-elementor-id=\"1340\" class=\"elementor elementor-1340\">\n\t\t\t\t\t\t<section class=\"elementor-section elementor-top-section elementor-element elementor-element-gcch2ym elementor-section-height-min-height elementor-section-boxed elementor-section-height-default elementor-section-items-middle\" data-id=\"gcch2ym\" data-element_type=\"section\" data-e-type=\"section\" data-settings=\"{&quot;background_background&quot;:&quot;classic&quot;}\">\n\t\t\t\t\t\t\t<div class=\"elementor-background-overlay\"><\/div>\n\t\t\t\t\t\t\t<div class=\"elementor-container elementor-column-gap-default\">\n\t\t\t\t\t<div class=\"elementor-column elementor-col-100 elementor-top-column elementor-element elementor-element-09faee3\" data-id=\"09faee3\" data-element_type=\"column\" data-e-type=\"column\">\n\t\t\t<div class=\"elementor-widget-wrap elementor-element-populated\">\n\t\t\t\t\t\t<div class=\"elementor-element elementor-element-c7152a9 elementor-widget elementor-widget-heading\" data-id=\"c7152a9\" data-element_type=\"widget\" data-e-type=\"widget\" data-widget_type=\"heading.default\">\n\t\t\t\t<div class=\"elementor-widget-container\">\n\t\t\t\t\t<h1 class=\"elementor-heading-title elementor-size-default\">Arh\u012bvs 1940.-1964. gad\u0101<\/h1>\t\t\t\t<\/div>\n\t\t\t\t<\/div>\n\t\t\t\t\t<\/div>\n\t\t<\/div>\n\t\t\t\t\t<\/div>\n\t\t<\/section>\n\t\t\t\t<section class=\"elementor-section elementor-top-section elementor-element elementor-element-21jw2y2 elementor-section-boxed elementor-section-height-default elementor-section-height-default\" data-id=\"21jw2y2\" data-element_type=\"section\" data-e-type=\"section\">\n\t\t\t\t\t\t<div class=\"elementor-container elementor-column-gap-default\">\n\t\t\t\t\t<div class=\"elementor-column elementor-col-50 elementor-top-column elementor-element elementor-element-7d00c84\" data-id=\"7d00c84\" data-element_type=\"column\" data-e-type=\"column\">\n\t\t\t<div class=\"elementor-widget-wrap elementor-element-populated\">\n\t\t\t\t\t\t<div class=\"elementor-element elementor-element-c31e03f elementor-drop-cap-yes elementor-drop-cap-view-default elementor-widget elementor-widget-text-editor\" data-id=\"c31e03f\" data-element_type=\"widget\" data-e-type=\"widget\" data-settings=\"{&quot;drop_cap&quot;:&quot;yes&quot;}\" data-widget_type=\"text-editor.default\">\n\t\t\t\t<div class=\"elementor-widget-container\">\n\t\t\t\t\t\t\t\t\t<p>P\u0113c Padomju okup\u0101cijas varas nodibin\u0101\u0161anas Latvijas teritorij\u0101 arh\u012bvu p\u0101r\u0146\u0113ma valsts, pak\u013c\u0101va Iek\u0161lietu Tautas komisari\u0101ta Arh\u012bvu da\u013cai un p\u0101rd\u0113v\u0113ja par R\u012bgas pils\u0113tas valsts arh\u012bvu. Pla\u0161\u0101kus arh\u012bva sovetiz\u0101cijas pas\u0101kumus aizkav\u0113ja okup\u0101cijas varu mai\u0146a.<\/p><p>\u00a0<\/p><p>No 1941. gada 20. j\u016blija l\u012bdz 1. novembrim v\u0101cu iest\u0101des arh\u012bvu sl\u0113dza. P\u0113c darb\u012bbas atjauno\u0161anas arh\u012bva darb\u012bbu noteica kara apst\u0101k\u013ci. Lai v\u0113rt\u012bg\u0101kos dokumentus pasarg\u0101tu no boj\u0101ejas karadarb\u012bbas rezult\u0101t\u0101, tos jau 1942. gad\u0101 izvietoja da\u017e\u0101du banku seifos. 1944. gad\u0101, aizbildinoties ar apdraud\u0113jumu frontes tuvuma d\u0113\u013c, okup\u0101cijas iest\u0101des organiz\u0113ja arh\u012bvu evaku\u0101cijas pas\u0101kumus, kuru rezult\u0101t\u0101 liel\u0101k\u0101 da\u013ca R\u012bgas pils\u0113tas arh\u012bva sen\u0101ko dokumentu, kopum\u0101 600 kastes, non\u0101ca \u010cehijas teritorij\u0101. Dokumentus atguva 1945. un 1946. gad\u0101, turkl\u0101t, sal\u012bdzinot, piem\u0113ram, ar Valsts arh\u012bva dokumentiem, sal\u012bdzino\u0161i piln\u0101 apjom\u0101 un neskart\u0101 st\u0101vokl\u012b.<\/p><p>\u00a0<\/p><p>P\u0113c kara beig\u0101m turpin\u0101j\u0101s arh\u012bva sovetiz\u0101cijas pas\u0101kumi, kas visspilgt\u0101k izpaud\u0101s piln\u012bg\u0101 person\u0101lsast\u0101va nomai\u0146\u0101. \u0160aj\u0101 laik\u0101 arh\u012bv\u0101 ieviesa padomju parauga uzskaites un uzzi\u0146u sist\u0113mu, bet darbu kopum\u0101 p\u0101rorient\u0113ja uz jaun\u0101k\u0101 perioda dokumentiem.<\/p><p>\u00a0<\/p><p>Kop\u0161 20. gs. 50. gadu vidus tika pl\u0101nota t\u0101l\u0101ka Latvijas PSR arh\u012bvu centraliz\u0101cija. T\u0101 nosl\u0113dz\u0101s 1964. gad\u0101, kad R\u012bgas pils\u0113tas valsts arh\u012bvs beidza past\u0101v\u0113t un t\u0101 dokumentus sadal\u012bja starp jaunizveidoto Centr\u0101lo Valsts Oktobra revol\u016bcijas un soci\u0101listisk\u0101s celtniec\u012bbas arh\u012bvu un Centr\u0101lo Valsts v\u0113stures arh\u012bvu.<\/p><p>\u00a0<\/p><p>Neskatoties uz \u0161iem p\u0101rveidojumiem, da\u013ca no pils\u0113tas arh\u012bva sen\u0101kajiem dokumentiem joproj\u0101m ir izvietoti un pieejami Palasta iel\u0101 4, Latvijas Valsts v\u0113stures arh\u012bva glab\u0101tavas fili\u0101l\u0113 R\u012bgas v\u0113stures un ku\u0123niec\u012bbas muzeja telp\u0101s.<\/p>\t\t\t\t\t\t\t\t<\/div>\n\t\t\t\t<\/div>\n\t\t\t\t\t<\/div>\n\t\t<\/div>\n\t\t\t\t<div class=\"elementor-column elementor-col-50 elementor-top-column elementor-element elementor-element-f485586\" data-id=\"f485586\" data-element_type=\"column\" data-e-type=\"column\">\n\t\t\t<div class=\"elementor-widget-wrap elementor-element-populated\">\n\t\t\t\t\t\t<div class=\"elementor-element elementor-element-b5d284b elementor-widget elementor-widget-image\" data-id=\"b5d284b\" data-element_type=\"widget\" data-e-type=\"widget\" data-widget_type=\"image.default\">\n\t\t\t\t<div class=\"elementor-widget-container\">\n\t\t\t\t\t\t\t\t\t\t\t\t<figure class=\"wp-caption\">\n\t\t\t\t\t\t\t\t\t\t\t<a href=\"https:\/\/www.archiv.org.lv\/rigaspilsetasarhivs\/wp-content\/uploads\/2022\/10\/Nodosana1940_LVA_1554_1_1_6lp-scaled.jpg\" data-elementor-open-lightbox=\"yes\" data-elementor-lightbox-title=\"Akts par arh\u012bva dokumentu nodo\u0161anu un pie\u0146em\u0161anu. 1940. gada 28. septembris. LNA_LVA, F1554_1_1, 6. lp.\" data-e-action-hash=\"#elementor-action%3Aaction%3Dlightbox%26settings%3DeyJpZCI6MTc0OCwidXJsIjoiaHR0cHM6XC9cL3d3dy5hcmNoaXYub3JnLmx2XC9yaWdhc3BpbHNldGFzYXJoaXZzXC93cC1jb250ZW50XC91cGxvYWRzXC8yMDIyXC8xMFwvTm9kb3NhbmExOTQwX0xWQV8xNTU0XzFfMV82bHAtc2NhbGVkLmpwZyJ9\">\n\t\t\t\t\t\t\t<img fetchpriority=\"high\" decoding=\"async\" width=\"1580\" height=\"2560\" src=\"https:\/\/www.archiv.org.lv\/rigaspilsetasarhivs\/wp-content\/uploads\/2022\/10\/Nodosana1940_LVA_1554_1_1_6lp-scaled.jpg\" class=\"attachment-full size-full wp-image-1748\" alt=\"\" srcset=\"https:\/\/www.archiv.org.lv\/rigaspilsetasarhivs\/wp-content\/uploads\/2022\/10\/Nodosana1940_LVA_1554_1_1_6lp-scaled.jpg 1580w, https:\/\/www.archiv.org.lv\/rigaspilsetasarhivs\/wp-content\/uploads\/2022\/10\/Nodosana1940_LVA_1554_1_1_6lp-185x300.jpg 185w, https:\/\/www.archiv.org.lv\/rigaspilsetasarhivs\/wp-content\/uploads\/2022\/10\/Nodosana1940_LVA_1554_1_1_6lp-632x1024.jpg 632w, https:\/\/www.archiv.org.lv\/rigaspilsetasarhivs\/wp-content\/uploads\/2022\/10\/Nodosana1940_LVA_1554_1_1_6lp-768x1245.jpg 768w, https:\/\/www.archiv.org.lv\/rigaspilsetasarhivs\/wp-content\/uploads\/2022\/10\/Nodosana1940_LVA_1554_1_1_6lp-948x1536.jpg 948w, https:\/\/www.archiv.org.lv\/rigaspilsetasarhivs\/wp-content\/uploads\/2022\/10\/Nodosana1940_LVA_1554_1_1_6lp-1264x2048.jpg 1264w\" sizes=\"(max-width: 1580px) 100vw, 1580px\" \/>\t\t\t\t\t\t\t\t<\/a>\n\t\t\t\t\t\t\t\t\t\t\t<figcaption class=\"widget-image-caption wp-caption-text\">Akts par arh\u012bva dokumentu nodo\u0161anu un pie\u0146em\u0161anu. 1940. gada 28. septembris. LNA_LVA, F1554_1_1, 6. lp.<\/figcaption>\n\t\t\t\t\t\t\t\t\t\t<\/figure>\n\t\t\t\t\t\t\t\t\t<\/div>\n\t\t\t\t<\/div>\n\t\t\t\t\t<\/div>\n\t\t<\/div>\n\t\t\t\t\t<\/div>\n\t\t<\/section>\n\t\t\t\t<section class=\"elementor-section elementor-top-section elementor-element elementor-element-7hy2ry9 elementor-section-boxed elementor-section-height-default elementor-section-height-default\" data-id=\"7hy2ry9\" data-element_type=\"section\" data-e-type=\"section\">\n\t\t\t\t\t\t<div class=\"elementor-container elementor-column-gap-default\">\n\t\t\t\t\t<div class=\"elementor-column elementor-col-33 elementor-top-column elementor-element elementor-element-15cfb90\" data-id=\"15cfb90\" data-element_type=\"column\" data-e-type=\"column\">\n\t\t\t<div class=\"elementor-widget-wrap elementor-element-populated\">\n\t\t\t\t\t\t<div class=\"elementor-element elementor-element-dc7c7c8 elementor-widget elementor-widget-image\" data-id=\"dc7c7c8\" data-element_type=\"widget\" data-e-type=\"widget\" data-widget_type=\"image.default\">\n\t\t\t\t<div class=\"elementor-widget-container\">\n\t\t\t\t\t\t\t\t\t\t\t\t<figure class=\"wp-caption\">\n\t\t\t\t\t\t\t\t\t\t\t<a href=\"https:\/\/www.archiv.org.lv\/rigaspilsetasarhivs\/wp-content\/uploads\/2022\/10\/Bilkina_raksts_LVVA_p1489_3_26-scaled.jpg\" data-elementor-open-lightbox=\"yes\" data-elementor-lightbox-title=\"V. Bi\u013c\u0137ina zi\u0146ojums R\u012bgas pils\u0113tas Izgl\u012bt\u012bbas valdei par arh\u012bva darb\u012bbu padomju okup\u0101cijas laik\u0101. 1941. gada 10. j\u016blijs. LNA_LVVA, Fp1289_3_26, 1. lp.\" data-e-action-hash=\"#elementor-action%3Aaction%3Dlightbox%26settings%3DeyJpZCI6MTc0NCwidXJsIjoiaHR0cHM6XC9cL3d3dy5hcmNoaXYub3JnLmx2XC9yaWdhc3BpbHNldGFzYXJoaXZzXC93cC1jb250ZW50XC91cGxvYWRzXC8yMDIyXC8xMFwvQmlsa2luYV9yYWtzdHNfTFZWQV9wMTQ4OV8zXzI2LXNjYWxlZC5qcGcifQ%3D%3D\">\n\t\t\t\t\t\t\t<img decoding=\"async\" width=\"1687\" height=\"2560\" src=\"https:\/\/www.archiv.org.lv\/rigaspilsetasarhivs\/wp-content\/uploads\/2022\/10\/Bilkina_raksts_LVVA_p1489_3_26-scaled.jpg\" class=\"attachment-full size-full wp-image-1744\" alt=\"\" srcset=\"https:\/\/www.archiv.org.lv\/rigaspilsetasarhivs\/wp-content\/uploads\/2022\/10\/Bilkina_raksts_LVVA_p1489_3_26-scaled.jpg 1687w, https:\/\/www.archiv.org.lv\/rigaspilsetasarhivs\/wp-content\/uploads\/2022\/10\/Bilkina_raksts_LVVA_p1489_3_26-198x300.jpg 198w, https:\/\/www.archiv.org.lv\/rigaspilsetasarhivs\/wp-content\/uploads\/2022\/10\/Bilkina_raksts_LVVA_p1489_3_26-675x1024.jpg 675w, https:\/\/www.archiv.org.lv\/rigaspilsetasarhivs\/wp-content\/uploads\/2022\/10\/Bilkina_raksts_LVVA_p1489_3_26-768x1166.jpg 768w, https:\/\/www.archiv.org.lv\/rigaspilsetasarhivs\/wp-content\/uploads\/2022\/10\/Bilkina_raksts_LVVA_p1489_3_26-1012x1536.jpg 1012w, https:\/\/www.archiv.org.lv\/rigaspilsetasarhivs\/wp-content\/uploads\/2022\/10\/Bilkina_raksts_LVVA_p1489_3_26-1349x2048.jpg 1349w\" sizes=\"(max-width: 1687px) 100vw, 1687px\" \/>\t\t\t\t\t\t\t\t<\/a>\n\t\t\t\t\t\t\t\t\t\t\t<figcaption class=\"widget-image-caption wp-caption-text\">V. Bi\u013c\u0137ina zi\u0146ojums R\u012bgas pils\u0113tas Izgl\u012bt\u012bbas valdei par arh\u012bva darb\u012bbu padomju okup\u0101cijas laik\u0101. 1941. gada 10. j\u016blijs. LNA_LVVA, Fp1289_3_26, 1. lp.<\/figcaption>\n\t\t\t\t\t\t\t\t\t\t<\/figure>\n\t\t\t\t\t\t\t\t\t<\/div>\n\t\t\t\t<\/div>\n\t\t\t\t\t<\/div>\n\t\t<\/div>\n\t\t\t\t<div class=\"elementor-column elementor-col-33 elementor-top-column elementor-element elementor-element-d4898de\" data-id=\"d4898de\" data-element_type=\"column\" data-e-type=\"column\">\n\t\t\t<div class=\"elementor-widget-wrap elementor-element-populated\">\n\t\t\t\t\t\t<div class=\"elementor-element elementor-element-a26d886 elementor-widget elementor-widget-image\" data-id=\"a26d886\" data-element_type=\"widget\" data-e-type=\"widget\" data-widget_type=\"image.default\">\n\t\t\t\t<div class=\"elementor-widget-container\">\n\t\t\t\t\t\t\t\t\t\t\t\t<figure class=\"wp-caption\">\n\t\t\t\t\t\t\t\t\t\t\t<a href=\"https:\/\/www.archiv.org.lv\/rigaspilsetasarhivs\/wp-content\/uploads\/2022\/10\/Lauku_darbi_LVVA_2817_3_6_-scaled.jpg\" data-elementor-open-lightbox=\"yes\" data-elementor-lightbox-title=\"Arh\u012bva direktora Vi\u013c\u0146a Bi\u013c\u0137ina l\u016bgums R\u012bgas pils\u0113tas Darba p\u0101rvaldei par arh\u012bva darbinieku atbr\u012bvo\u0161anu no lauku darbiem. Noraksts. 1944. gada 13. j\u016bnijs. LNA_LVA, F2817_3_6.\" data-e-action-hash=\"#elementor-action%3Aaction%3Dlightbox%26settings%3DeyJpZCI6MTc0NywidXJsIjoiaHR0cHM6XC9cL3d3dy5hcmNoaXYub3JnLmx2XC9yaWdhc3BpbHNldGFzYXJoaXZzXC93cC1jb250ZW50XC91cGxvYWRzXC8yMDIyXC8xMFwvTGF1a3VfZGFyYmlfTFZWQV8yODE3XzNfNl8tc2NhbGVkLmpwZyJ9\">\n\t\t\t\t\t\t\t<img decoding=\"async\" width=\"1737\" height=\"2560\" src=\"https:\/\/www.archiv.org.lv\/rigaspilsetasarhivs\/wp-content\/uploads\/2022\/10\/Lauku_darbi_LVVA_2817_3_6_-scaled.jpg\" class=\"attachment-full size-full wp-image-1747\" alt=\"\" srcset=\"https:\/\/www.archiv.org.lv\/rigaspilsetasarhivs\/wp-content\/uploads\/2022\/10\/Lauku_darbi_LVVA_2817_3_6_-scaled.jpg 1737w, https:\/\/www.archiv.org.lv\/rigaspilsetasarhivs\/wp-content\/uploads\/2022\/10\/Lauku_darbi_LVVA_2817_3_6_-204x300.jpg 204w, https:\/\/www.archiv.org.lv\/rigaspilsetasarhivs\/wp-content\/uploads\/2022\/10\/Lauku_darbi_LVVA_2817_3_6_-695x1024.jpg 695w, https:\/\/www.archiv.org.lv\/rigaspilsetasarhivs\/wp-content\/uploads\/2022\/10\/Lauku_darbi_LVVA_2817_3_6_-768x1132.jpg 768w, https:\/\/www.archiv.org.lv\/rigaspilsetasarhivs\/wp-content\/uploads\/2022\/10\/Lauku_darbi_LVVA_2817_3_6_-1042x1536.jpg 1042w, https:\/\/www.archiv.org.lv\/rigaspilsetasarhivs\/wp-content\/uploads\/2022\/10\/Lauku_darbi_LVVA_2817_3_6_-1390x2048.jpg 1390w\" sizes=\"(max-width: 1737px) 100vw, 1737px\" \/>\t\t\t\t\t\t\t\t<\/a>\n\t\t\t\t\t\t\t\t\t\t\t<figcaption class=\"widget-image-caption wp-caption-text\">V. Bi\u013c\u0137ina l\u016bgums R\u012bgas pils\u0113tas Darba p\u0101rvaldei par arh\u012bva darbinieku atbr\u012bvo\u0161anu no lauku darbiem. Noraksts. 1944. gada 13. j\u016bnijs. LNA_LVA, F2817_3_6.<\/figcaption>\n\t\t\t\t\t\t\t\t\t\t<\/figure>\n\t\t\t\t\t\t\t\t\t<\/div>\n\t\t\t\t<\/div>\n\t\t\t\t\t<\/div>\n\t\t<\/div>\n\t\t\t\t<div class=\"elementor-column elementor-col-33 elementor-top-column elementor-element elementor-element-19b2b24\" data-id=\"19b2b24\" data-element_type=\"column\" data-e-type=\"column\">\n\t\t\t<div class=\"elementor-widget-wrap elementor-element-populated\">\n\t\t\t\t\t\t<div class=\"elementor-element elementor-element-e442b0e elementor-widget elementor-widget-image\" data-id=\"e442b0e\" data-element_type=\"widget\" data-e-type=\"widget\" data-widget_type=\"image.default\">\n\t\t\t\t<div class=\"elementor-widget-container\">\n\t\t\t\t\t\t\t\t\t\t\t\t<figure class=\"wp-caption\">\n\t\t\t\t\t\t\t\t\t\t\t<a href=\"https:\/\/www.archiv.org.lv\/rigaspilsetasarhivs\/wp-content\/uploads\/2022\/10\/Evakuacijas_saraksts_LVA_1554_2_24_27lp-scaled.jpg\" data-elementor-open-lightbox=\"yes\" data-elementor-lightbox-title=\"Uz V\u0101ciju aizvesto un atpaka\u013c atvesto arhiv\u0101liju saraksts. Fragments. 1945.\u20131946. gads LNA_LVA, F1554_2_54, 27. lp.\" data-e-action-hash=\"#elementor-action%3Aaction%3Dlightbox%26settings%3DeyJpZCI6MTc0NiwidXJsIjoiaHR0cHM6XC9cL3d3dy5hcmNoaXYub3JnLmx2XC9yaWdhc3BpbHNldGFzYXJoaXZzXC93cC1jb250ZW50XC91cGxvYWRzXC8yMDIyXC8xMFwvRXZha3VhY2lqYXNfc2FyYWtzdHNfTFZBXzE1NTRfMl8yNF8yN2xwLXNjYWxlZC5qcGcifQ%3D%3D\">\n\t\t\t\t\t\t\t<img loading=\"lazy\" decoding=\"async\" width=\"1801\" height=\"2560\" src=\"https:\/\/www.archiv.org.lv\/rigaspilsetasarhivs\/wp-content\/uploads\/2022\/10\/Evakuacijas_saraksts_LVA_1554_2_24_27lp-scaled.jpg\" class=\"attachment-full size-full wp-image-1746\" alt=\"\" srcset=\"https:\/\/www.archiv.org.lv\/rigaspilsetasarhivs\/wp-content\/uploads\/2022\/10\/Evakuacijas_saraksts_LVA_1554_2_24_27lp-scaled.jpg 1801w, https:\/\/www.archiv.org.lv\/rigaspilsetasarhivs\/wp-content\/uploads\/2022\/10\/Evakuacijas_saraksts_LVA_1554_2_24_27lp-211x300.jpg 211w, https:\/\/www.archiv.org.lv\/rigaspilsetasarhivs\/wp-content\/uploads\/2022\/10\/Evakuacijas_saraksts_LVA_1554_2_24_27lp-720x1024.jpg 720w, https:\/\/www.archiv.org.lv\/rigaspilsetasarhivs\/wp-content\/uploads\/2022\/10\/Evakuacijas_saraksts_LVA_1554_2_24_27lp-768x1092.jpg 768w, https:\/\/www.archiv.org.lv\/rigaspilsetasarhivs\/wp-content\/uploads\/2022\/10\/Evakuacijas_saraksts_LVA_1554_2_24_27lp-1080x1536.jpg 1080w, https:\/\/www.archiv.org.lv\/rigaspilsetasarhivs\/wp-content\/uploads\/2022\/10\/Evakuacijas_saraksts_LVA_1554_2_24_27lp-1441x2048.jpg 1441w\" sizes=\"(max-width: 1801px) 100vw, 1801px\" \/>\t\t\t\t\t\t\t\t<\/a>\n\t\t\t\t\t\t\t\t\t\t\t<figcaption class=\"widget-image-caption wp-caption-text\">Uz V\u0101ciju aizvesto un atpaka\u013c atvesto arhiv\u0101liju saraksts. Fragments. 1945.\u20131946. gads LNA_LVA, F1554_2_54, 27. lp.<\/figcaption>\n\t\t\t\t\t\t\t\t\t\t<\/figure>\n\t\t\t\t\t\t\t\t\t<\/div>\n\t\t\t\t<\/div>\n\t\t\t\t\t<\/div>\n\t\t<\/div>\n\t\t\t\t\t<\/div>\n\t\t<\/section>\n\t\t\t\t<section class=\"elementor-section elementor-top-section elementor-element elementor-element-d59ftkm elementor-section-boxed elementor-section-height-default elementor-section-height-default\" data-id=\"d59ftkm\" data-element_type=\"section\" data-e-type=\"section\">\n\t\t\t\t\t\t<div class=\"elementor-container elementor-column-gap-default\">\n\t\t\t\t\t<div class=\"elementor-column elementor-col-100 elementor-top-column elementor-element elementor-element-7609ad3\" data-id=\"7609ad3\" data-element_type=\"column\" data-e-type=\"column\">\n\t\t\t<div class=\"elementor-widget-wrap elementor-element-populated\">\n\t\t\t\t\t\t<div class=\"elementor-element elementor-element-3dd6d97 elementor-widget elementor-widget-image\" data-id=\"3dd6d97\" data-element_type=\"widget\" data-e-type=\"widget\" data-widget_type=\"image.default\">\n\t\t\t\t<div class=\"elementor-widget-container\">\n\t\t\t\t\t\t\t\t\t\t\t\t<figure class=\"wp-caption\">\n\t\t\t\t\t\t\t\t\t\t\t<a href=\"https:\/\/www.archiv.org.lv\/rigaspilsetasarhivs\/wp-content\/uploads\/2022\/10\/Nodosana1964_LVA_1554_2_120_4lp-scaled.jpg\" data-elementor-open-lightbox=\"yes\" data-elementor-lightbox-title=\"Akts par Latvijas PSR R\u012bgas pils\u0113tas valsts arh\u012bva dokumentu nodo\u0161anu Latvijas PSR Centr\u0101lajam valsts Oktobra revol\u016bcijas un soci\u0101listisk\u0101s celtniec\u012bbas arh\u012bvam. 1940. gada 28. septembris. LNA_LVA, F1554_2_120, 4. lp.\" data-e-action-hash=\"#elementor-action%3Aaction%3Dlightbox%26settings%3DeyJpZCI6MTc0OSwidXJsIjoiaHR0cHM6XC9cL3d3dy5hcmNoaXYub3JnLmx2XC9yaWdhc3BpbHNldGFzYXJoaXZzXC93cC1jb250ZW50XC91cGxvYWRzXC8yMDIyXC8xMFwvTm9kb3NhbmExOTY0X0xWQV8xNTU0XzJfMTIwXzRscC1zY2FsZWQuanBnIn0%3D\">\n\t\t\t\t\t\t\t<img loading=\"lazy\" decoding=\"async\" width=\"768\" height=\"1222\" src=\"https:\/\/www.archiv.org.lv\/rigaspilsetasarhivs\/wp-content\/uploads\/2022\/10\/Nodosana1964_LVA_1554_2_120_4lp-768x1222.jpg\" class=\"attachment-medium_large size-medium_large wp-image-1749\" alt=\"\" srcset=\"https:\/\/www.archiv.org.lv\/rigaspilsetasarhivs\/wp-content\/uploads\/2022\/10\/Nodosana1964_LVA_1554_2_120_4lp-768x1222.jpg 768w, https:\/\/www.archiv.org.lv\/rigaspilsetasarhivs\/wp-content\/uploads\/2022\/10\/Nodosana1964_LVA_1554_2_120_4lp-189x300.jpg 189w, https:\/\/www.archiv.org.lv\/rigaspilsetasarhivs\/wp-content\/uploads\/2022\/10\/Nodosana1964_LVA_1554_2_120_4lp-643x1024.jpg 643w, https:\/\/www.archiv.org.lv\/rigaspilsetasarhivs\/wp-content\/uploads\/2022\/10\/Nodosana1964_LVA_1554_2_120_4lp-965x1536.jpg 965w, https:\/\/www.archiv.org.lv\/rigaspilsetasarhivs\/wp-content\/uploads\/2022\/10\/Nodosana1964_LVA_1554_2_120_4lp-1287x2048.jpg 1287w, https:\/\/www.archiv.org.lv\/rigaspilsetasarhivs\/wp-content\/uploads\/2022\/10\/Nodosana1964_LVA_1554_2_120_4lp-scaled.jpg 1609w\" sizes=\"(max-width: 768px) 100vw, 768px\" \/>\t\t\t\t\t\t\t\t<\/a>\n\t\t\t\t\t\t\t\t\t\t\t<figcaption class=\"widget-image-caption wp-caption-text\">Akts par Latvijas PSR R\u012bgas pils\u0113tas valsts arh\u012bva dokumentu nodo\u0161anu Latvijas PSR Centr\u0101lajam valsts Oktobra revol\u016bcijas un soci\u0101listisk\u0101s celtniec\u012bbas arh\u012bvam. 1940. gada 28. septembris. LNA_LVA, F1554_2_120, 4. lp.<\/figcaption>\n\t\t\t\t\t\t\t\t\t\t<\/figure>\n\t\t\t\t\t\t\t\t\t<\/div>\n\t\t\t\t<\/div>\n\t\t\t\t\t<\/div>\n\t\t<\/div>\n\t\t\t\t\t<\/div>\n\t\t<\/section>\n\t\t\t\t<\/div>\n\t\t","protected":false},"excerpt":{"rendered":"<p>Arh\u012bvs 1940.-1964. gad\u0101 P\u0113c Padomju okup\u0101cijas varas nodibin\u0101\u0161anas Latvijas teritorij\u0101 arh\u012bvu p\u0101r\u0146\u0113ma valsts, pak\u013c\u0101va Iek\u0161lietu Tautas komisari\u0101ta Arh\u012bvu da\u013cai un p\u0101rd\u0113v\u0113ja par R\u012bgas pils\u0113tas valsts arh\u012bvu. Pla\u0161\u0101kus arh\u012bva sovetiz\u0101cijas pas\u0101kumus aizkav\u0113ja okup\u0101cijas varu mai\u0146a. \u00a0 No 1941. gada 20. j\u016blija l\u012bdz 1. novembrim v\u0101cu iest\u0101des arh\u012bvu sl\u0113dza. P\u0113c darb\u012bbas atjauno\u0161anas arh\u012bva darb\u012bbu noteica kara apst\u0101k\u013ci. [&hellip;]<\/p>\n","protected":false},"author":1,"featured_media":0,"parent":0,"menu_order":0,"comment_status":"closed","ping_status":"closed","template":"","meta":{"site-sidebar-layout":"no-sidebar","site-content-layout":"page-builder","ast-site-content-layout":"","site-content-style":"default","site-sidebar-style":"default","ast-global-header-display":"","ast-banner-title-visibility":"","ast-main-header-display":"","ast-hfb-above-header-display":"","ast-hfb-below-header-display":"","ast-hfb-mobile-header-display":"","site-post-title":"disabled","ast-breadcrumbs-content":"","ast-featured-img":"disabled","footer-sml-layout":"","theme-transparent-header-meta":"","adv-header-id-meta":"","stick-header-meta":"","header-above-stick-meta":"","header-main-stick-meta":"","header-below-stick-meta":"","astra-migrate-meta-layouts":"default","ast-page-background-enabled":"default","ast-page-background-meta":{"desktop":{"background-color":"var(--ast-global-color-4)","background-image":"","background-repeat":"repeat","background-position":"center center","background-size":"auto","background-attachment":"scroll","background-type":"","background-media":"","overlay-type":"","overlay-color":"","overlay-opacity":"","overlay-gradient":""},"tablet":{"background-color":"","background-image":"","background-repeat":"repeat","background-position":"center center","background-size":"auto","background-attachment":"scroll","background-type":"","background-media":"","overlay-type":"","overlay-color":"","overlay-opacity":"","overlay-gradient":""},"mobile":{"background-color":"","background-image":"","background-repeat":"repeat","background-position":"center center","background-size":"auto","background-attachment":"scroll","background-type":"","background-media":"","overlay-type":"","overlay-color":"","overlay-opacity":"","overlay-gradient":""}},"ast-content-background-meta":{"desktop":{"background-color":"var(--ast-global-color-5)","background-image":"","background-repeat":"repeat","background-position":"center center","background-size":"auto","background-attachment":"scroll","background-type":"","background-media":"","overlay-type":"","overlay-color":"","overlay-opacity":"","overlay-gradient":""},"tablet":{"background-color":"var(--ast-global-color-5)","background-image":"","background-repeat":"repeat","background-position":"center center","background-size":"auto","background-attachment":"scroll","background-type":"","background-media":"","overlay-type":"","overlay-color":"","overlay-opacity":"","overlay-gradient":""},"mobile":{"background-color":"var(--ast-global-color-5)","background-image":"","background-repeat":"repeat","background-position":"center center","background-size":"auto","background-attachment":"scroll","background-type":"","background-media":"","overlay-type":"","overlay-color":"","overlay-opacity":"","overlay-gradient":""}},"footnotes":""},"class_list":["post-1340","page","type-page","status-publish","hentry"],"_links":{"self":[{"href":"https:\/\/www.archiv.org.lv\/rigaspilsetasarhivs\/index.php\/wp-json\/wp\/v2\/pages\/1340","targetHints":{"allow":["GET"]}}],"collection":[{"href":"https:\/\/www.archiv.org.lv\/rigaspilsetasarhivs\/index.php\/wp-json\/wp\/v2\/pages"}],"about":[{"href":"https:\/\/www.archiv.org.lv\/rigaspilsetasarhivs\/index.php\/wp-json\/wp\/v2\/types\/page"}],"author":[{"embeddable":true,"href":"https:\/\/www.archiv.org.lv\/rigaspilsetasarhivs\/index.php\/wp-json\/wp\/v2\/users\/1"}],"replies":[{"embeddable":true,"href":"https:\/\/www.archiv.org.lv\/rigaspilsetasarhivs\/index.php\/wp-json\/wp\/v2\/comments?post=1340"}],"version-history":[{"count":67,"href":"https:\/\/www.archiv.org.lv\/rigaspilsetasarhivs\/index.php\/wp-json\/wp\/v2\/pages\/1340\/revisions"}],"predecessor-version":[{"id":3507,"href":"https:\/\/www.archiv.org.lv\/rigaspilsetasarhivs\/index.php\/wp-json\/wp\/v2\/pages\/1340\/revisions\/3507"}],"wp:attachment":[{"href":"https:\/\/www.archiv.org.lv\/rigaspilsetasarhivs\/index.php\/wp-json\/wp\/v2\/media?parent=1340"}],"curies":[{"name":"wp","href":"https:\/\/api.w.org\/{rel}","templated":true}]}}