{"id":92,"date":"2022-10-12T09:23:21","date_gmt":"2022-10-12T06:23:21","guid":{"rendered":"http:\/\/www.archiv.org.lv\/upitis\/?page_id=92"},"modified":"2022-11-15T09:44:29","modified_gmt":"2022-11-15T07:44:29","slug":"par-izstadi","status":"publish","type":"page","link":"https:\/\/www.archiv.org.lv\/upitis\/index.php\/par-izstadi\/","title":{"rendered":"Par izst\u0101di"},"content":{"rendered":"\n<h2 class=\"wp-block-heading\"><strong>Izmantotie avoti:<\/strong><\/h2>\n\n\n\n<p><strong>LNA Latvijas Valsts arh\u012bvs<\/strong><\/p>\n\n\n\n<p>LNA_LVA_F1839 &#8211; Up\u012btis P\u0113teris (1899-1989), grafi\u0137is, kolekcion\u0101rs.<\/p>\n\n\n\n<p><strong>LNA Latvijas Valsts Kinofotofonodokumentu arh\u012bvs<\/strong><\/p>\n\n\n\n<p>LNA_KFFDA_F31_1_31 (Dokument\u0101l\u0101 filma &#8220;P\u0113teris Up\u012btis&#8221;, re\u017eisors K\u013cavi\u0146\u0161 Valdis, 1982. gads), LNA_KFFDA_F8_2_2860 (Kino\u017eurn\u0101ls &#8220;Padomju Latvija&#8221; Nr. 31, M\u0101kslinieks profesors P\u0113teris Up\u012btis, 1974. gads), LNA_KFFDA_F8_2_3357 (Kino\u017eurn\u0101ls &#8220;Padomju Latvija&#8221; Nr. 26, Latvijas PSR Tautas m\u0101ksliniekam, grafi\u0137im P\u0113terim Up\u012btim 80 gadu. Operators Band\u0113ns Gun\u0101rs, operators Boikovs Igors, 1979. gads), LNA_KFFDA_F8_2_3984 (Kino\u017eurn\u0101ls &#8220;Padomju Latvija&#8221; Nr. 22, Grafi\u0137is P\u0113teris Up\u012btis un vi\u0146a gr\u0101matz\u012bmju kolekcija. Operators Pjatkins Anatolijs, 1987. gads).<\/p>\n\n\n\n<h2 class=\"wp-block-heading\">Izst\u0101des veidot\u0101ji<\/h2>\n\n\n\n<p>Krist\u012bne Mateja, LNA Latvijas Valsts arh\u012bvs &#8211; izst\u0101des koncepcija, teksti, dokumentu atlase.<\/p>\n\n\n\n<p>Agnija Lesni\u010denoka, LNA Latvijas Valsts arh\u012bvs &#8211; WEB izstr\u0101de, vizu\u0101lo materi\u0101lu apstr\u0101de, dizains.<\/p>\n\n\n\n<p>Ainars Mazv\u0113rs\u012btis, LNA Latvijas Valsts arh\u012bvs \u2013 WEB nodro\u0161in\u0101jums.<\/p>\n\n\n\n<p>Veidota WordPress, izmantojot Inspiro t\u0113mu.<\/p>\n","protected":false},"excerpt":{"rendered":"<p>Izmantotie avoti: LNA Latvijas Valsts arh\u012bvs LNA_LVA_F1839 &#8211; Up\u012btis P\u0113teris (1899-1989), grafi\u0137is, kolekcion\u0101rs. LNA Latvijas Valsts Kinofotofonodokumentu arh\u012bvs LNA_KFFDA_F31_1_31 (Dokument\u0101l\u0101 filma &#8220;P\u0113teris Up\u012btis&#8221;, re\u017eisors K\u013cavi\u0146\u0161 Valdis, 1982. gads), LNA_KFFDA_F8_2_2860 (Kino\u017eurn\u0101ls &#8220;Padomju Latvija&#8221; Nr. 31, M\u0101kslinieks profesors P\u0113teris Up\u012btis, 1974. gads), LNA_KFFDA_F8_2_3357 (Kino\u017eurn\u0101ls &#8220;Padomju Latvija&#8221; Nr. 26, Latvijas PSR Tautas m\u0101ksliniekam, grafi\u0137im P\u0113terim Up\u012btim 80 gadu. &hellip; <\/p>\n<p class=\"link-more\"><a href=\"https:\/\/www.archiv.org.lv\/upitis\/index.php\/par-izstadi\/\" class=\"more-link\">Read more<span class=\"screen-reader-text\"> &#8220;Par izst\u0101di&#8221;<\/span><\/a><\/p>\n","protected":false},"author":1,"featured_media":0,"parent":0,"menu_order":0,"comment_status":"closed","ping_status":"closed","template":"","meta":{"footnotes":""},"class_list":["post-92","page","type-page","status-publish","hentry"],"_links":{"self":[{"href":"https:\/\/www.archiv.org.lv\/upitis\/index.php\/wp-json\/wp\/v2\/pages\/92","targetHints":{"allow":["GET"]}}],"collection":[{"href":"https:\/\/www.archiv.org.lv\/upitis\/index.php\/wp-json\/wp\/v2\/pages"}],"about":[{"href":"https:\/\/www.archiv.org.lv\/upitis\/index.php\/wp-json\/wp\/v2\/types\/page"}],"author":[{"embeddable":true,"href":"https:\/\/www.archiv.org.lv\/upitis\/index.php\/wp-json\/wp\/v2\/users\/1"}],"replies":[{"embeddable":true,"href":"https:\/\/www.archiv.org.lv\/upitis\/index.php\/wp-json\/wp\/v2\/comments?post=92"}],"version-history":[{"count":9,"href":"https:\/\/www.archiv.org.lv\/upitis\/index.php\/wp-json\/wp\/v2\/pages\/92\/revisions"}],"predecessor-version":[{"id":962,"href":"https:\/\/www.archiv.org.lv\/upitis\/index.php\/wp-json\/wp\/v2\/pages\/92\/revisions\/962"}],"wp:attachment":[{"href":"https:\/\/www.archiv.org.lv\/upitis\/index.php\/wp-json\/wp\/v2\/media?parent=92"}],"curies":[{"name":"wp","href":"https:\/\/api.w.org\/{rel}","templated":true}]}}